{"id":314,"date":"2024-09-02T02:28:54","date_gmt":"2024-09-02T05:28:54","guid":{"rendered":"https:\/\/capellaweb.com.br\/plugins\/"},"modified":"2025-12-11T10:14:41","modified_gmt":"2025-12-11T13:14:41","slug":"plugins","status":"publish","type":"page","link":"https:\/\/capellaweb.com.br\/pt-br\/plugins\/","title":{"rendered":"Plugins"},"content":{"rendered":"\n<figure class=\"wp-block-image size-large is-resized no-border\"><img decoding=\"async\" src=\"https:\/\/capellaweb.com.br\/wp-content\/uploads\/2024\/09\/snapsection-logo-color.svg\" alt=\"\" class=\"wp-image-216\" style=\"width:200px\"\/><\/figure>\n\n\n\n<p><a href=\"https:\/\/snapsection.com\" target=\"_blank\" rel=\"noreferrer noopener\">O SnapSection<\/a> \u00e9 um plug-in do WordPress que permite o compartilhamento r\u00e1pido de se\u00e7\u00f5es espec\u00edficas do seu artigo ou post. Ele anexa o atributo <code>id<\/code> do elemento <code>h3<\/code> ao URL da sua p\u00e1gina. Consequentemente, qualquer usu\u00e1rio que clicar no link ser\u00e1 direcionado diretamente para essa se\u00e7\u00e3o espec\u00edfica da sua p\u00e1gina ou publica\u00e7\u00e3o.  <\/p>\n\n\n\n<p>Site:<br><a href=\"https:\/\/snapsection.com\">https:\/\/snapsection.com<\/a><\/p>\n\n\n\n<p>P\u00e1gina do reposit\u00f3rio do WordPress.org:<br><a href=\"https:\/\/wordpress.org\/plugins\/snapsection\/\">https:\/\/wordpress.org\/plugins\/snapsection\/<\/a><\/p>\n","protected":false},"excerpt":{"rendered":"<p>O SnapSection \u00e9 um plug-in do WordPress que permite o compartilhamento r\u00e1pido de se\u00e7\u00f5es espec\u00edficas do seu artigo ou post. Ele anexa o atributo id do elemento h3 ao URL da sua p\u00e1gina. Consequentemente, qualquer usu\u00e1rio que clicar no link ser\u00e1 direcionado diretamente para essa se\u00e7\u00e3o espec\u00edfica da sua p\u00e1gina ou publica\u00e7\u00e3o. Site:https:\/\/snapsection.com P\u00e1gina do [&hellip;]<\/p>\n","protected":false},"author":1,"featured_media":0,"parent":0,"menu_order":0,"comment_status":"closed","ping_status":"closed","template":"template-10-columns.php","meta":{"_acf_changed":false,"inline_featured_image":false,"footnotes":""},"class_list":["post-314","page","type-page","status-publish","hentry"],"acf":[],"yoast_head":"<!-- This site is optimized with the Yoast SEO plugin v26.5 - https:\/\/yoast.com\/wordpress\/plugins\/seo\/ -->\n<title>Plugins - Capellaweb<\/title>\n<meta name=\"robots\" content=\"index, follow, max-snippet:-1, max-image-preview:large, max-video-preview:-1\" \/>\n<link rel=\"canonical\" href=\"https:\/\/capellaweb.com.br\/pt-br\/plugins\/\" \/>\n<meta property=\"og:locale\" content=\"pt_BR\" \/>\n<meta property=\"og:type\" content=\"article\" \/>\n<meta property=\"og:title\" content=\"Plugins - Capellaweb\" \/>\n<meta property=\"og:description\" content=\"O SnapSection \u00e9 um plug-in do WordPress que permite o compartilhamento r\u00e1pido de se\u00e7\u00f5es espec\u00edficas do seu artigo ou post. Ele anexa o atributo id do elemento h3 ao URL da sua p\u00e1gina. Consequentemente, qualquer usu\u00e1rio que clicar no link ser\u00e1 direcionado diretamente para essa se\u00e7\u00e3o espec\u00edfica da sua p\u00e1gina ou publica\u00e7\u00e3o. Site:https:\/\/snapsection.com P\u00e1gina do [&hellip;]\" \/>\n<meta property=\"og:url\" content=\"https:\/\/capellaweb.com.br\/pt-br\/plugins\/\" \/>\n<meta property=\"og:site_name\" content=\"Capellaweb\" \/>\n<meta property=\"article:publisher\" content=\"https:\/\/www.facebook.com\/capellaweb\" \/>\n<meta property=\"article:modified_time\" content=\"2025-12-11T13:14:41+00:00\" \/>\n<meta name=\"twitter:card\" content=\"summary_large_image\" \/>\n<meta name=\"twitter:site\" content=\"@capellaweb\" \/>\n<meta name=\"twitter:label1\" content=\"Est. tempo de leitura\" \/>\n\t<meta name=\"twitter:data1\" content=\"1 minuto\" \/>\n<script type=\"application\/ld+json\" class=\"yoast-schema-graph\">{\"@context\":\"https:\/\/schema.org\",\"@graph\":[{\"@type\":\"WebPage\",\"@id\":\"https:\/\/capellaweb.com.br\/pt-br\/plugins\/\",\"url\":\"https:\/\/capellaweb.com.br\/pt-br\/plugins\/\",\"name\":\"Plugins - Capellaweb\",\"isPartOf\":{\"@id\":\"https:\/\/capellaweb.com.br\/pt-br\/#website\"},\"primaryImageOfPage\":{\"@id\":\"https:\/\/capellaweb.com.br\/pt-br\/plugins\/#primaryimage\"},\"image\":{\"@id\":\"https:\/\/capellaweb.com.br\/pt-br\/plugins\/#primaryimage\"},\"thumbnailUrl\":\"https:\/\/capellaweb.com.br\/wp-content\/uploads\/2024\/09\/snapsection-logo-color.svg\",\"datePublished\":\"2024-09-02T05:28:54+00:00\",\"dateModified\":\"2025-12-11T13:14:41+00:00\",\"breadcrumb\":{\"@id\":\"https:\/\/capellaweb.com.br\/pt-br\/plugins\/#breadcrumb\"},\"inLanguage\":\"pt-BR\",\"potentialAction\":[{\"@type\":\"ReadAction\",\"target\":[\"https:\/\/capellaweb.com.br\/pt-br\/plugins\/\"]}]},{\"@type\":\"ImageObject\",\"inLanguage\":\"pt-BR\",\"@id\":\"https:\/\/capellaweb.com.br\/pt-br\/plugins\/#primaryimage\",\"url\":\"https:\/\/capellaweb.com.br\/wp-content\/uploads\/2024\/09\/snapsection-logo-color.svg\",\"contentUrl\":\"https:\/\/capellaweb.com.br\/wp-content\/uploads\/2024\/09\/snapsection-logo-color.svg\"},{\"@type\":\"BreadcrumbList\",\"@id\":\"https:\/\/capellaweb.com.br\/pt-br\/plugins\/#breadcrumb\",\"itemListElement\":[{\"@type\":\"ListItem\",\"position\":1,\"name\":\"Home\",\"item\":\"https:\/\/capellaweb.com.br\/pt-br\/home\/\"},{\"@type\":\"ListItem\",\"position\":2,\"name\":\"Plugins\"}]},{\"@type\":\"WebSite\",\"@id\":\"https:\/\/capellaweb.com.br\/pt-br\/#website\",\"url\":\"https:\/\/capellaweb.com.br\/pt-br\/\",\"name\":\"Capellaweb\",\"description\":\"\",\"publisher\":{\"@id\":\"https:\/\/capellaweb.com.br\/pt-br\/#organization\"},\"potentialAction\":[{\"@type\":\"SearchAction\",\"target\":{\"@type\":\"EntryPoint\",\"urlTemplate\":\"https:\/\/capellaweb.com.br\/pt-br\/?s={search_term_string}\"},\"query-input\":{\"@type\":\"PropertyValueSpecification\",\"valueRequired\":true,\"valueName\":\"search_term_string\"}}],\"inLanguage\":\"pt-BR\"},{\"@type\":\"Organization\",\"@id\":\"https:\/\/capellaweb.com.br\/pt-br\/#organization\",\"name\":\"Capellaweb\",\"url\":\"https:\/\/capellaweb.com.br\/pt-br\/\",\"logo\":{\"@type\":\"ImageObject\",\"inLanguage\":\"pt-BR\",\"@id\":\"https:\/\/capellaweb.com.br\/pt-br\/#\/schema\/logo\/image\/\",\"url\":\"https:\/\/capellaweb.com.br\/wp-content\/uploads\/2024\/07\/Capellaweb-logo-horizontal.svg\",\"contentUrl\":\"https:\/\/capellaweb.com.br\/wp-content\/uploads\/2024\/07\/Capellaweb-logo-horizontal.svg\",\"width\":\"1024\",\"height\":\"1024\",\"caption\":\"Capellaweb\"},\"image\":{\"@id\":\"https:\/\/capellaweb.com.br\/pt-br\/#\/schema\/logo\/image\/\"},\"sameAs\":[\"https:\/\/www.facebook.com\/capellaweb\",\"https:\/\/x.com\/capellaweb\",\"https:\/\/www.instagram.com\/capellaweb\",\"https:\/\/www.youtube.com\/capellaweb\"]}]}<\/script>\n<!-- \/ Yoast SEO plugin. -->","yoast_head_json":{"title":"Plugins - Capellaweb","robots":{"index":"index","follow":"follow","max-snippet":"max-snippet:-1","max-image-preview":"max-image-preview:large","max-video-preview":"max-video-preview:-1"},"canonical":"https:\/\/capellaweb.com.br\/pt-br\/plugins\/","og_locale":"pt_BR","og_type":"article","og_title":"Plugins - Capellaweb","og_description":"O SnapSection \u00e9 um plug-in do WordPress que permite o compartilhamento r\u00e1pido de se\u00e7\u00f5es espec\u00edficas do seu artigo ou post. Ele anexa o atributo id do elemento h3 ao URL da sua p\u00e1gina. Consequentemente, qualquer usu\u00e1rio que clicar no link ser\u00e1 direcionado diretamente para essa se\u00e7\u00e3o espec\u00edfica da sua p\u00e1gina ou publica\u00e7\u00e3o. Site:https:\/\/snapsection.com P\u00e1gina do [&hellip;]","og_url":"https:\/\/capellaweb.com.br\/pt-br\/plugins\/","og_site_name":"Capellaweb","article_publisher":"https:\/\/www.facebook.com\/capellaweb","article_modified_time":"2025-12-11T13:14:41+00:00","twitter_card":"summary_large_image","twitter_site":"@capellaweb","twitter_misc":{"Est. tempo de leitura":"1 minuto"},"schema":{"@context":"https:\/\/schema.org","@graph":[{"@type":"WebPage","@id":"https:\/\/capellaweb.com.br\/pt-br\/plugins\/","url":"https:\/\/capellaweb.com.br\/pt-br\/plugins\/","name":"Plugins - Capellaweb","isPartOf":{"@id":"https:\/\/capellaweb.com.br\/pt-br\/#website"},"primaryImageOfPage":{"@id":"https:\/\/capellaweb.com.br\/pt-br\/plugins\/#primaryimage"},"image":{"@id":"https:\/\/capellaweb.com.br\/pt-br\/plugins\/#primaryimage"},"thumbnailUrl":"https:\/\/capellaweb.com.br\/wp-content\/uploads\/2024\/09\/snapsection-logo-color.svg","datePublished":"2024-09-02T05:28:54+00:00","dateModified":"2025-12-11T13:14:41+00:00","breadcrumb":{"@id":"https:\/\/capellaweb.com.br\/pt-br\/plugins\/#breadcrumb"},"inLanguage":"pt-BR","potentialAction":[{"@type":"ReadAction","target":["https:\/\/capellaweb.com.br\/pt-br\/plugins\/"]}]},{"@type":"ImageObject","inLanguage":"pt-BR","@id":"https:\/\/capellaweb.com.br\/pt-br\/plugins\/#primaryimage","url":"https:\/\/capellaweb.com.br\/wp-content\/uploads\/2024\/09\/snapsection-logo-color.svg","contentUrl":"https:\/\/capellaweb.com.br\/wp-content\/uploads\/2024\/09\/snapsection-logo-color.svg"},{"@type":"BreadcrumbList","@id":"https:\/\/capellaweb.com.br\/pt-br\/plugins\/#breadcrumb","itemListElement":[{"@type":"ListItem","position":1,"name":"Home","item":"https:\/\/capellaweb.com.br\/pt-br\/home\/"},{"@type":"ListItem","position":2,"name":"Plugins"}]},{"@type":"WebSite","@id":"https:\/\/capellaweb.com.br\/pt-br\/#website","url":"https:\/\/capellaweb.com.br\/pt-br\/","name":"Capellaweb","description":"","publisher":{"@id":"https:\/\/capellaweb.com.br\/pt-br\/#organization"},"potentialAction":[{"@type":"SearchAction","target":{"@type":"EntryPoint","urlTemplate":"https:\/\/capellaweb.com.br\/pt-br\/?s={search_term_string}"},"query-input":{"@type":"PropertyValueSpecification","valueRequired":true,"valueName":"search_term_string"}}],"inLanguage":"pt-BR"},{"@type":"Organization","@id":"https:\/\/capellaweb.com.br\/pt-br\/#organization","name":"Capellaweb","url":"https:\/\/capellaweb.com.br\/pt-br\/","logo":{"@type":"ImageObject","inLanguage":"pt-BR","@id":"https:\/\/capellaweb.com.br\/pt-br\/#\/schema\/logo\/image\/","url":"https:\/\/capellaweb.com.br\/wp-content\/uploads\/2024\/07\/Capellaweb-logo-horizontal.svg","contentUrl":"https:\/\/capellaweb.com.br\/wp-content\/uploads\/2024\/07\/Capellaweb-logo-horizontal.svg","width":"1024","height":"1024","caption":"Capellaweb"},"image":{"@id":"https:\/\/capellaweb.com.br\/pt-br\/#\/schema\/logo\/image\/"},"sameAs":["https:\/\/www.facebook.com\/capellaweb","https:\/\/x.com\/capellaweb","https:\/\/www.instagram.com\/capellaweb","https:\/\/www.youtube.com\/capellaweb"]}]}},"_links":{"self":[{"href":"https:\/\/capellaweb.com.br\/pt-br\/wp-json\/wp\/v2\/pages\/314","targetHints":{"allow":["GET"]}}],"collection":[{"href":"https:\/\/capellaweb.com.br\/pt-br\/wp-json\/wp\/v2\/pages"}],"about":[{"href":"https:\/\/capellaweb.com.br\/pt-br\/wp-json\/wp\/v2\/types\/page"}],"author":[{"embeddable":true,"href":"https:\/\/capellaweb.com.br\/pt-br\/wp-json\/wp\/v2\/users\/1"}],"replies":[{"embeddable":true,"href":"https:\/\/capellaweb.com.br\/pt-br\/wp-json\/wp\/v2\/comments?post=314"}],"version-history":[{"count":2,"href":"https:\/\/capellaweb.com.br\/pt-br\/wp-json\/wp\/v2\/pages\/314\/revisions"}],"predecessor-version":[{"id":598,"href":"https:\/\/capellaweb.com.br\/pt-br\/wp-json\/wp\/v2\/pages\/314\/revisions\/598"}],"wp:attachment":[{"href":"https:\/\/capellaweb.com.br\/pt-br\/wp-json\/wp\/v2\/media?parent=314"}],"curies":[{"name":"wp","href":"https:\/\/api.w.org\/{rel}","templated":true}]}}