{"id":312,"date":"2024-07-12T03:31:43","date_gmt":"2024-07-12T03:31:43","guid":{"rendered":"https:\/\/capellaweb.com.br\/treinamentos\/"},"modified":"2024-09-03T18:35:46","modified_gmt":"2024-09-03T18:35:46","slug":"treinamentos","status":"publish","type":"page","link":"https:\/\/capellaweb.com.br\/pt-br\/treinamentos\/","title":{"rendered":"Treinamentos"},"content":{"rendered":"\n<p>A Capellaweb oferece treinamentos e mentoria em HTML, CSS, JavaScript\/jQuery e fundamentos do WordPress, dispon\u00edveis por meio de aulas particulares ou em turmas de cerca de 10 alunos.<\/p>\n\n<p>Ao contratar a Capellaweb para treinamento ou mentoria, voc\u00ea acelera o processo de aprendizagem. Se voc\u00ea \u00e9 um gerente de equipe que busca aprimorar as habilidades de codifica\u00e7\u00e3o da sua equipe ou um desenvolvedor ou designer j\u00fanior que deseja se tornar mais produtivo, nossa abordagem personalizada pode reduzir significativamente sua curva de aprendizagem. <\/p>\n\n<p>Embora o investimento possa ser maior do que o de um curso on-line, nossos programas de mentoria e treinamento criam um caminho de aprendizado personalizado, espec\u00edfico para cada aluno ou turma, garantindo um aprendizado direcionado e eficaz.<\/p>\n\n<p>Uma de nossas hist\u00f3rias de sucesso \u00e9 nossa parceria com a ONG brasileira <a href=\"http:\/\/onebyone.org.br\">One by One<\/a>. Para a One by One, a Capellaweb elaborou um curr\u00edculo abrangente de web design no qual ensinamos HTML, CSS e vanilla JavaScript. <\/p>\n\n<p>N\u00f3s nos concentramos em ensinar aos nossos alunos os fundamentos, como pesquisar conte\u00fado de forma eficaz e dicas de produtividade. Isso inclui pr\u00e1ticas recomendadas e como maximizar os recursos de seus editores de c\u00f3digo, entre outras habilidades essenciais. <\/p>\n\n<p>Quer saber mais? Solicite uma cota\u00e7\u00e3o no formul\u00e1rio abaixo. <\/p>\n\n<div class=\"wp-block-columns is-layout-flex wp-container-core-columns-is-layout-9d6595d7 wp-block-columns-is-layout-flex\">\n<div class=\"wp-block-column is-layout-flow wp-block-column-is-layout-flow\" style=\"flex-basis:66.66%\"><p class=\"wpcf7-contact-form-not-found\"><strong>Erro:<\/strong> Formul\u00e1rio de contato n\u00e3o encontrado.<\/p>\n<\/div>\n\n\n\n<div class=\"wp-block-column is-layout-flow wp-block-column-is-layout-flow\" style=\"flex-basis:33.33%\"><\/div>\n<\/div>\n","protected":false},"excerpt":{"rendered":"<p>A Capellaweb oferece treinamentos e mentoria em HTML, CSS, JavaScript\/jQuery e fundamentos do WordPress, dispon\u00edveis por meio de aulas particulares ou em turmas de cerca de 10 alunos. Ao contratar a Capellaweb para treinamento ou mentoria, voc\u00ea acelera o processo de aprendizagem. Se voc\u00ea \u00e9 um gerente de equipe que busca aprimorar as habilidades de [&hellip;]<\/p>\n","protected":false},"author":1,"featured_media":0,"parent":0,"menu_order":0,"comment_status":"closed","ping_status":"closed","template":"template-10-columns.php","meta":{"_acf_changed":false,"inline_featured_image":false,"footnotes":""},"class_list":["post-312","page","type-page","status-publish","hentry"],"acf":[],"yoast_head":"<!-- This site is optimized with the Yoast SEO plugin v26.5 - https:\/\/yoast.com\/wordpress\/plugins\/seo\/ -->\n<title>Treinamentos - Capellaweb<\/title>\n<meta name=\"robots\" content=\"index, follow, max-snippet:-1, max-image-preview:large, max-video-preview:-1\" \/>\n<link rel=\"canonical\" href=\"https:\/\/capellaweb.com.br\/pt-br\/treinamentos\/\" \/>\n<meta property=\"og:locale\" content=\"pt_BR\" \/>\n<meta property=\"og:type\" content=\"article\" \/>\n<meta property=\"og:title\" content=\"Treinamentos - Capellaweb\" \/>\n<meta property=\"og:description\" content=\"A Capellaweb oferece treinamentos e mentoria em HTML, CSS, JavaScript\/jQuery e fundamentos do WordPress, dispon\u00edveis por meio de aulas particulares ou em turmas de cerca de 10 alunos. Ao contratar a Capellaweb para treinamento ou mentoria, voc\u00ea acelera o processo de aprendizagem. Se voc\u00ea \u00e9 um gerente de equipe que busca aprimorar as habilidades de [&hellip;]\" \/>\n<meta property=\"og:url\" content=\"https:\/\/capellaweb.com.br\/pt-br\/treinamentos\/\" \/>\n<meta property=\"og:site_name\" content=\"Capellaweb\" \/>\n<meta property=\"article:publisher\" content=\"https:\/\/www.facebook.com\/capellaweb\" \/>\n<meta property=\"article:modified_time\" content=\"2024-09-03T18:35:46+00:00\" \/>\n<meta name=\"twitter:card\" content=\"summary_large_image\" \/>\n<meta name=\"twitter:site\" content=\"@capellaweb\" \/>\n<meta name=\"twitter:label1\" content=\"Est. tempo de leitura\" \/>\n\t<meta name=\"twitter:data1\" content=\"1 minuto\" \/>\n<script type=\"application\/ld+json\" class=\"yoast-schema-graph\">{\"@context\":\"https:\/\/schema.org\",\"@graph\":[{\"@type\":\"WebPage\",\"@id\":\"https:\/\/capellaweb.com.br\/pt-br\/treinamentos\/\",\"url\":\"https:\/\/capellaweb.com.br\/pt-br\/treinamentos\/\",\"name\":\"Treinamentos - Capellaweb\",\"isPartOf\":{\"@id\":\"https:\/\/capellaweb.com.br\/pt-br\/#website\"},\"datePublished\":\"2024-07-12T03:31:43+00:00\",\"dateModified\":\"2024-09-03T18:35:46+00:00\",\"breadcrumb\":{\"@id\":\"https:\/\/capellaweb.com.br\/pt-br\/treinamentos\/#breadcrumb\"},\"inLanguage\":\"pt-BR\",\"potentialAction\":[{\"@type\":\"ReadAction\",\"target\":[\"https:\/\/capellaweb.com.br\/pt-br\/treinamentos\/\"]}]},{\"@type\":\"BreadcrumbList\",\"@id\":\"https:\/\/capellaweb.com.br\/pt-br\/treinamentos\/#breadcrumb\",\"itemListElement\":[{\"@type\":\"ListItem\",\"position\":1,\"name\":\"Home\",\"item\":\"https:\/\/capellaweb.com.br\/pt-br\/home\/\"},{\"@type\":\"ListItem\",\"position\":2,\"name\":\"Treinamentos\"}]},{\"@type\":\"WebSite\",\"@id\":\"https:\/\/capellaweb.com.br\/pt-br\/#website\",\"url\":\"https:\/\/capellaweb.com.br\/pt-br\/\",\"name\":\"Capellaweb\",\"description\":\"\",\"publisher\":{\"@id\":\"https:\/\/capellaweb.com.br\/pt-br\/#organization\"},\"potentialAction\":[{\"@type\":\"SearchAction\",\"target\":{\"@type\":\"EntryPoint\",\"urlTemplate\":\"https:\/\/capellaweb.com.br\/pt-br\/?s={search_term_string}\"},\"query-input\":{\"@type\":\"PropertyValueSpecification\",\"valueRequired\":true,\"valueName\":\"search_term_string\"}}],\"inLanguage\":\"pt-BR\"},{\"@type\":\"Organization\",\"@id\":\"https:\/\/capellaweb.com.br\/pt-br\/#organization\",\"name\":\"Capellaweb\",\"url\":\"https:\/\/capellaweb.com.br\/pt-br\/\",\"logo\":{\"@type\":\"ImageObject\",\"inLanguage\":\"pt-BR\",\"@id\":\"https:\/\/capellaweb.com.br\/pt-br\/#\/schema\/logo\/image\/\",\"url\":\"https:\/\/capellaweb.com.br\/wp-content\/uploads\/2024\/07\/Capellaweb-logo-horizontal.svg\",\"contentUrl\":\"https:\/\/capellaweb.com.br\/wp-content\/uploads\/2024\/07\/Capellaweb-logo-horizontal.svg\",\"width\":\"1024\",\"height\":\"1024\",\"caption\":\"Capellaweb\"},\"image\":{\"@id\":\"https:\/\/capellaweb.com.br\/pt-br\/#\/schema\/logo\/image\/\"},\"sameAs\":[\"https:\/\/www.facebook.com\/capellaweb\",\"https:\/\/x.com\/capellaweb\",\"https:\/\/www.instagram.com\/capellaweb\",\"https:\/\/www.youtube.com\/capellaweb\"]}]}<\/script>\n<!-- \/ Yoast SEO plugin. -->","yoast_head_json":{"title":"Treinamentos - Capellaweb","robots":{"index":"index","follow":"follow","max-snippet":"max-snippet:-1","max-image-preview":"max-image-preview:large","max-video-preview":"max-video-preview:-1"},"canonical":"https:\/\/capellaweb.com.br\/pt-br\/treinamentos\/","og_locale":"pt_BR","og_type":"article","og_title":"Treinamentos - Capellaweb","og_description":"A Capellaweb oferece treinamentos e mentoria em HTML, CSS, JavaScript\/jQuery e fundamentos do WordPress, dispon\u00edveis por meio de aulas particulares ou em turmas de cerca de 10 alunos. Ao contratar a Capellaweb para treinamento ou mentoria, voc\u00ea acelera o processo de aprendizagem. Se voc\u00ea \u00e9 um gerente de equipe que busca aprimorar as habilidades de [&hellip;]","og_url":"https:\/\/capellaweb.com.br\/pt-br\/treinamentos\/","og_site_name":"Capellaweb","article_publisher":"https:\/\/www.facebook.com\/capellaweb","article_modified_time":"2024-09-03T18:35:46+00:00","twitter_card":"summary_large_image","twitter_site":"@capellaweb","twitter_misc":{"Est. tempo de leitura":"1 minuto"},"schema":{"@context":"https:\/\/schema.org","@graph":[{"@type":"WebPage","@id":"https:\/\/capellaweb.com.br\/pt-br\/treinamentos\/","url":"https:\/\/capellaweb.com.br\/pt-br\/treinamentos\/","name":"Treinamentos - Capellaweb","isPartOf":{"@id":"https:\/\/capellaweb.com.br\/pt-br\/#website"},"datePublished":"2024-07-12T03:31:43+00:00","dateModified":"2024-09-03T18:35:46+00:00","breadcrumb":{"@id":"https:\/\/capellaweb.com.br\/pt-br\/treinamentos\/#breadcrumb"},"inLanguage":"pt-BR","potentialAction":[{"@type":"ReadAction","target":["https:\/\/capellaweb.com.br\/pt-br\/treinamentos\/"]}]},{"@type":"BreadcrumbList","@id":"https:\/\/capellaweb.com.br\/pt-br\/treinamentos\/#breadcrumb","itemListElement":[{"@type":"ListItem","position":1,"name":"Home","item":"https:\/\/capellaweb.com.br\/pt-br\/home\/"},{"@type":"ListItem","position":2,"name":"Treinamentos"}]},{"@type":"WebSite","@id":"https:\/\/capellaweb.com.br\/pt-br\/#website","url":"https:\/\/capellaweb.com.br\/pt-br\/","name":"Capellaweb","description":"","publisher":{"@id":"https:\/\/capellaweb.com.br\/pt-br\/#organization"},"potentialAction":[{"@type":"SearchAction","target":{"@type":"EntryPoint","urlTemplate":"https:\/\/capellaweb.com.br\/pt-br\/?s={search_term_string}"},"query-input":{"@type":"PropertyValueSpecification","valueRequired":true,"valueName":"search_term_string"}}],"inLanguage":"pt-BR"},{"@type":"Organization","@id":"https:\/\/capellaweb.com.br\/pt-br\/#organization","name":"Capellaweb","url":"https:\/\/capellaweb.com.br\/pt-br\/","logo":{"@type":"ImageObject","inLanguage":"pt-BR","@id":"https:\/\/capellaweb.com.br\/pt-br\/#\/schema\/logo\/image\/","url":"https:\/\/capellaweb.com.br\/wp-content\/uploads\/2024\/07\/Capellaweb-logo-horizontal.svg","contentUrl":"https:\/\/capellaweb.com.br\/wp-content\/uploads\/2024\/07\/Capellaweb-logo-horizontal.svg","width":"1024","height":"1024","caption":"Capellaweb"},"image":{"@id":"https:\/\/capellaweb.com.br\/pt-br\/#\/schema\/logo\/image\/"},"sameAs":["https:\/\/www.facebook.com\/capellaweb","https:\/\/x.com\/capellaweb","https:\/\/www.instagram.com\/capellaweb","https:\/\/www.youtube.com\/capellaweb"]}]}},"_links":{"self":[{"href":"https:\/\/capellaweb.com.br\/pt-br\/wp-json\/wp\/v2\/pages\/312","targetHints":{"allow":["GET"]}}],"collection":[{"href":"https:\/\/capellaweb.com.br\/pt-br\/wp-json\/wp\/v2\/pages"}],"about":[{"href":"https:\/\/capellaweb.com.br\/pt-br\/wp-json\/wp\/v2\/types\/page"}],"author":[{"embeddable":true,"href":"https:\/\/capellaweb.com.br\/pt-br\/wp-json\/wp\/v2\/users\/1"}],"replies":[{"embeddable":true,"href":"https:\/\/capellaweb.com.br\/pt-br\/wp-json\/wp\/v2\/comments?post=312"}],"version-history":[{"count":1,"href":"https:\/\/capellaweb.com.br\/pt-br\/wp-json\/wp\/v2\/pages\/312\/revisions"}],"predecessor-version":[{"id":313,"href":"https:\/\/capellaweb.com.br\/pt-br\/wp-json\/wp\/v2\/pages\/312\/revisions\/313"}],"wp:attachment":[{"href":"https:\/\/capellaweb.com.br\/pt-br\/wp-json\/wp\/v2\/media?parent=312"}],"curies":[{"name":"wp","href":"https:\/\/api.w.org\/{rel}","templated":true}]}}