{"id":310,"date":"2024-07-12T03:31:54","date_gmt":"2024-07-12T03:31:54","guid":{"rendered":"https:\/\/capellaweb.com.br\/sites\/"},"modified":"2024-09-03T18:27:52","modified_gmt":"2024-09-03T18:27:52","slug":"sites","status":"publish","type":"page","link":"https:\/\/capellaweb.com.br\/pt-br\/sites\/","title":{"rendered":"Sites"},"content":{"rendered":"\n<p>Nosso principal trabalho \u00e9 criar sites com WordPress, nos valendo de nosso expertise em HTML, CSS, JavaScript\/jQuery e PHP.<\/p>\n\n<p>Abordamos o WordPress como ele deve ser usado: como um verdadeiro sistema de gerenciamento de conte\u00fado (CMS &#8211; Content Management System). Desenvolvemos os temas dos sites de nossos clientes do zero, criando as funcionalidades espec\u00edficas de que eles precisam e garantindo que cada parte do conte\u00fado do site seja totalmente edit\u00e1vel. Bem-vindo \u00e0 Capellaweb!  <\/p>\n","protected":false},"excerpt":{"rendered":"<p>Nosso principal trabalho \u00e9 criar sites com WordPress, nos valendo de nosso expertise em HTML, CSS, JavaScript\/jQuery e PHP. Abordamos o WordPress como ele deve ser usado: como um verdadeiro sistema de gerenciamento de conte\u00fado (CMS &#8211; Content Management System). Desenvolvemos os temas dos sites de nossos clientes do zero, criando as funcionalidades espec\u00edficas de [&hellip;]<\/p>\n","protected":false},"author":1,"featured_media":0,"parent":0,"menu_order":0,"comment_status":"closed","ping_status":"closed","template":"","meta":{"_acf_changed":false,"inline_featured_image":false,"footnotes":""},"class_list":["post-310","page","type-page","status-publish","hentry"],"acf":[],"yoast_head":"<!-- This site is optimized with the Yoast SEO plugin v26.5 - https:\/\/yoast.com\/wordpress\/plugins\/seo\/ -->\n<title>Sites - Capellaweb<\/title>\n<meta name=\"robots\" content=\"index, follow, max-snippet:-1, max-image-preview:large, max-video-preview:-1\" \/>\n<link rel=\"canonical\" href=\"https:\/\/capellaweb.com.br\/pt-br\/sites\/\" \/>\n<meta property=\"og:locale\" content=\"pt_BR\" \/>\n<meta property=\"og:type\" content=\"article\" \/>\n<meta property=\"og:title\" content=\"Sites - Capellaweb\" \/>\n<meta property=\"og:description\" content=\"Nosso principal trabalho \u00e9 criar sites com WordPress, nos valendo de nosso expertise em HTML, CSS, JavaScript\/jQuery e PHP. Abordamos o WordPress como ele deve ser usado: como um verdadeiro sistema de gerenciamento de conte\u00fado (CMS &#8211; Content Management System). Desenvolvemos os temas dos sites de nossos clientes do zero, criando as funcionalidades espec\u00edficas de [&hellip;]\" \/>\n<meta property=\"og:url\" content=\"https:\/\/capellaweb.com.br\/pt-br\/sites\/\" \/>\n<meta property=\"og:site_name\" content=\"Capellaweb\" \/>\n<meta property=\"article:publisher\" content=\"https:\/\/www.facebook.com\/capellaweb\" \/>\n<meta property=\"article:modified_time\" content=\"2024-09-03T18:27:52+00:00\" \/>\n<meta name=\"twitter:card\" content=\"summary_large_image\" \/>\n<meta name=\"twitter:site\" content=\"@capellaweb\" \/>\n<script type=\"application\/ld+json\" class=\"yoast-schema-graph\">{\"@context\":\"https:\/\/schema.org\",\"@graph\":[{\"@type\":\"WebPage\",\"@id\":\"https:\/\/capellaweb.com.br\/pt-br\/sites\/\",\"url\":\"https:\/\/capellaweb.com.br\/pt-br\/sites\/\",\"name\":\"Sites - Capellaweb\",\"isPartOf\":{\"@id\":\"https:\/\/capellaweb.com.br\/pt-br\/#website\"},\"datePublished\":\"2024-07-12T03:31:54+00:00\",\"dateModified\":\"2024-09-03T18:27:52+00:00\",\"breadcrumb\":{\"@id\":\"https:\/\/capellaweb.com.br\/pt-br\/sites\/#breadcrumb\"},\"inLanguage\":\"pt-BR\",\"potentialAction\":[{\"@type\":\"ReadAction\",\"target\":[\"https:\/\/capellaweb.com.br\/pt-br\/sites\/\"]}]},{\"@type\":\"BreadcrumbList\",\"@id\":\"https:\/\/capellaweb.com.br\/pt-br\/sites\/#breadcrumb\",\"itemListElement\":[{\"@type\":\"ListItem\",\"position\":1,\"name\":\"Home\",\"item\":\"https:\/\/capellaweb.com.br\/pt-br\/home\/\"},{\"@type\":\"ListItem\",\"position\":2,\"name\":\"Sites\"}]},{\"@type\":\"WebSite\",\"@id\":\"https:\/\/capellaweb.com.br\/pt-br\/#website\",\"url\":\"https:\/\/capellaweb.com.br\/pt-br\/\",\"name\":\"Capellaweb\",\"description\":\"\",\"publisher\":{\"@id\":\"https:\/\/capellaweb.com.br\/pt-br\/#organization\"},\"potentialAction\":[{\"@type\":\"SearchAction\",\"target\":{\"@type\":\"EntryPoint\",\"urlTemplate\":\"https:\/\/capellaweb.com.br\/pt-br\/?s={search_term_string}\"},\"query-input\":{\"@type\":\"PropertyValueSpecification\",\"valueRequired\":true,\"valueName\":\"search_term_string\"}}],\"inLanguage\":\"pt-BR\"},{\"@type\":\"Organization\",\"@id\":\"https:\/\/capellaweb.com.br\/pt-br\/#organization\",\"name\":\"Capellaweb\",\"url\":\"https:\/\/capellaweb.com.br\/pt-br\/\",\"logo\":{\"@type\":\"ImageObject\",\"inLanguage\":\"pt-BR\",\"@id\":\"https:\/\/capellaweb.com.br\/pt-br\/#\/schema\/logo\/image\/\",\"url\":\"https:\/\/capellaweb.com.br\/wp-content\/uploads\/2024\/07\/Capellaweb-logo-horizontal.svg\",\"contentUrl\":\"https:\/\/capellaweb.com.br\/wp-content\/uploads\/2024\/07\/Capellaweb-logo-horizontal.svg\",\"width\":\"1024\",\"height\":\"1024\",\"caption\":\"Capellaweb\"},\"image\":{\"@id\":\"https:\/\/capellaweb.com.br\/pt-br\/#\/schema\/logo\/image\/\"},\"sameAs\":[\"https:\/\/www.facebook.com\/capellaweb\",\"https:\/\/x.com\/capellaweb\",\"https:\/\/www.instagram.com\/capellaweb\",\"https:\/\/www.youtube.com\/capellaweb\"]}]}<\/script>\n<!-- \/ Yoast SEO plugin. -->","yoast_head_json":{"title":"Sites - Capellaweb","robots":{"index":"index","follow":"follow","max-snippet":"max-snippet:-1","max-image-preview":"max-image-preview:large","max-video-preview":"max-video-preview:-1"},"canonical":"https:\/\/capellaweb.com.br\/pt-br\/sites\/","og_locale":"pt_BR","og_type":"article","og_title":"Sites - Capellaweb","og_description":"Nosso principal trabalho \u00e9 criar sites com WordPress, nos valendo de nosso expertise em HTML, CSS, JavaScript\/jQuery e PHP. Abordamos o WordPress como ele deve ser usado: como um verdadeiro sistema de gerenciamento de conte\u00fado (CMS &#8211; Content Management System). Desenvolvemos os temas dos sites de nossos clientes do zero, criando as funcionalidades espec\u00edficas de [&hellip;]","og_url":"https:\/\/capellaweb.com.br\/pt-br\/sites\/","og_site_name":"Capellaweb","article_publisher":"https:\/\/www.facebook.com\/capellaweb","article_modified_time":"2024-09-03T18:27:52+00:00","twitter_card":"summary_large_image","twitter_site":"@capellaweb","schema":{"@context":"https:\/\/schema.org","@graph":[{"@type":"WebPage","@id":"https:\/\/capellaweb.com.br\/pt-br\/sites\/","url":"https:\/\/capellaweb.com.br\/pt-br\/sites\/","name":"Sites - Capellaweb","isPartOf":{"@id":"https:\/\/capellaweb.com.br\/pt-br\/#website"},"datePublished":"2024-07-12T03:31:54+00:00","dateModified":"2024-09-03T18:27:52+00:00","breadcrumb":{"@id":"https:\/\/capellaweb.com.br\/pt-br\/sites\/#breadcrumb"},"inLanguage":"pt-BR","potentialAction":[{"@type":"ReadAction","target":["https:\/\/capellaweb.com.br\/pt-br\/sites\/"]}]},{"@type":"BreadcrumbList","@id":"https:\/\/capellaweb.com.br\/pt-br\/sites\/#breadcrumb","itemListElement":[{"@type":"ListItem","position":1,"name":"Home","item":"https:\/\/capellaweb.com.br\/pt-br\/home\/"},{"@type":"ListItem","position":2,"name":"Sites"}]},{"@type":"WebSite","@id":"https:\/\/capellaweb.com.br\/pt-br\/#website","url":"https:\/\/capellaweb.com.br\/pt-br\/","name":"Capellaweb","description":"","publisher":{"@id":"https:\/\/capellaweb.com.br\/pt-br\/#organization"},"potentialAction":[{"@type":"SearchAction","target":{"@type":"EntryPoint","urlTemplate":"https:\/\/capellaweb.com.br\/pt-br\/?s={search_term_string}"},"query-input":{"@type":"PropertyValueSpecification","valueRequired":true,"valueName":"search_term_string"}}],"inLanguage":"pt-BR"},{"@type":"Organization","@id":"https:\/\/capellaweb.com.br\/pt-br\/#organization","name":"Capellaweb","url":"https:\/\/capellaweb.com.br\/pt-br\/","logo":{"@type":"ImageObject","inLanguage":"pt-BR","@id":"https:\/\/capellaweb.com.br\/pt-br\/#\/schema\/logo\/image\/","url":"https:\/\/capellaweb.com.br\/wp-content\/uploads\/2024\/07\/Capellaweb-logo-horizontal.svg","contentUrl":"https:\/\/capellaweb.com.br\/wp-content\/uploads\/2024\/07\/Capellaweb-logo-horizontal.svg","width":"1024","height":"1024","caption":"Capellaweb"},"image":{"@id":"https:\/\/capellaweb.com.br\/pt-br\/#\/schema\/logo\/image\/"},"sameAs":["https:\/\/www.facebook.com\/capellaweb","https:\/\/x.com\/capellaweb","https:\/\/www.instagram.com\/capellaweb","https:\/\/www.youtube.com\/capellaweb"]}]}},"_links":{"self":[{"href":"https:\/\/capellaweb.com.br\/pt-br\/wp-json\/wp\/v2\/pages\/310","targetHints":{"allow":["GET"]}}],"collection":[{"href":"https:\/\/capellaweb.com.br\/pt-br\/wp-json\/wp\/v2\/pages"}],"about":[{"href":"https:\/\/capellaweb.com.br\/pt-br\/wp-json\/wp\/v2\/types\/page"}],"author":[{"embeddable":true,"href":"https:\/\/capellaweb.com.br\/pt-br\/wp-json\/wp\/v2\/users\/1"}],"replies":[{"embeddable":true,"href":"https:\/\/capellaweb.com.br\/pt-br\/wp-json\/wp\/v2\/comments?post=310"}],"version-history":[{"count":1,"href":"https:\/\/capellaweb.com.br\/pt-br\/wp-json\/wp\/v2\/pages\/310\/revisions"}],"predecessor-version":[{"id":311,"href":"https:\/\/capellaweb.com.br\/pt-br\/wp-json\/wp\/v2\/pages\/310\/revisions\/311"}],"wp:attachment":[{"href":"https:\/\/capellaweb.com.br\/pt-br\/wp-json\/wp\/v2\/media?parent=310"}],"curies":[{"name":"wp","href":"https:\/\/api.w.org\/{rel}","templated":true}]}}