{"id":305,"date":"2024-07-06T23:05:29","date_gmt":"2024-07-07T02:05:29","guid":{"rendered":"https:\/\/capellaweb.com.br\/contato\/"},"modified":"2025-12-11T10:20:01","modified_gmt":"2025-12-11T13:20:01","slug":"contato","status":"publish","type":"page","link":"https:\/\/capellaweb.com.br\/pt-br\/contato\/","title":{"rendered":"Contato"},"content":{"rendered":"\n<div class=\"wp-block-columns is-layout-flex wp-container-core-columns-is-layout-9d6595d7 wp-block-columns-is-layout-flex\">\n<div class=\"wp-block-column is-layout-flow wp-block-column-is-layout-flow\">\n<div class=\"wpcf7 no-js\" id=\"wpcf7-f599-o1\" lang=\"pt-BR\" dir=\"ltr\" data-wpcf7-id=\"599\">\n<div class=\"screen-reader-response\"><p role=\"status\" aria-live=\"polite\" aria-atomic=\"true\"><\/p> <ul><\/ul><\/div>\n<form action=\"\/pt-br\/wp-json\/wp\/v2\/pages\/305#wpcf7-f599-o1\" method=\"post\" class=\"wpcf7-form init\" aria-label=\"Formul\u00e1rios de contato\" novalidate=\"novalidate\" data-status=\"init\">\n<fieldset class=\"hidden-fields-container\"><input type=\"hidden\" name=\"_wpcf7\" value=\"599\" \/><input type=\"hidden\" name=\"_wpcf7_version\" value=\"6.1.4\" \/><input type=\"hidden\" name=\"_wpcf7_locale\" value=\"pt_BR\" \/><input type=\"hidden\" name=\"_wpcf7_unit_tag\" value=\"wpcf7-f599-o1\" \/><input type=\"hidden\" name=\"_wpcf7_container_post\" value=\"0\" \/><input type=\"hidden\" name=\"_wpcf7_posted_data_hash\" value=\"\" \/><input type=\"hidden\" name=\"_wpcf7_recaptcha_response\" value=\"\" \/>\n<\/fieldset>\n<div class=\"form-row\">\n  <label for=\"your-name\">Your name<\/label>\n  <span class=\"wpcf7-form-control-wrap\" data-name=\"your-name\"><input size=\"40\" maxlength=\"400\" class=\"wpcf7-form-control wpcf7-text wpcf7-validates-as-required\" id=\"your-name\" autocomplete=\"name\" aria-required=\"true\" aria-invalid=\"false\" value=\"\" type=\"text\" name=\"your-name\" \/><\/span>\n<\/div>\n\n<div class=\"form-row\">\n  <label for=\"your-email\">Your email<\/label>\n  <span class=\"wpcf7-form-control-wrap\" data-name=\"your-email\"><input size=\"40\" maxlength=\"400\" class=\"wpcf7-form-control wpcf7-email wpcf7-validates-as-required wpcf7-text wpcf7-validates-as-email\" id=\"your-email\" autocomplete=\"email\" aria-required=\"true\" aria-invalid=\"false\" value=\"\" type=\"email\" name=\"your-email\" \/><\/span>\n<\/div>\n\n<div class=\"form-row\">\n  <label for=\"your-subject\">Subject<\/label>\n  <span class=\"wpcf7-form-control-wrap\" data-name=\"your-subject\"><input size=\"40\" maxlength=\"400\" class=\"wpcf7-form-control wpcf7-text wpcf7-validates-as-required\" id=\"your-subject\" aria-required=\"true\" aria-invalid=\"false\" value=\"\" type=\"text\" name=\"your-subject\" \/><\/span>\n<\/div>\n\n<div class=\"form-row\">\n  <label for=\"your-message\">Your message<\/label>\n  <span class=\"wpcf7-form-control-wrap\" data-name=\"your-message\"><textarea cols=\"40\" rows=\"10\" maxlength=\"2000\" class=\"wpcf7-form-control wpcf7-textarea\" id=\"your-message\" aria-invalid=\"false\" name=\"your-message\"><\/textarea><\/span>\n<\/div>\n\n<div class=\"form-row\">\n  <input class=\"wpcf7-form-control wpcf7-submit has-spinner\" type=\"submit\" value=\"Submit\" \/>\n<\/div><div class=\"wpcf7-response-output\" aria-hidden=\"true\"><\/div>\n<\/form>\n<\/div>\n\n<\/div>\n\n\n\n<div class=\"wp-block-column is-layout-flow wp-block-column-is-layout-flow\">\n<p class=\"mt-4\">Ficaremos felizes em ouvir voc\u00ea! Envie uma mensagem ou solicite um or\u00e7amento hoje mesmo! <\/p>\n\n\n\n<p>Voc\u00ea pode entrar em contato pelo nosso <a href=\"https:\/\/wa.me\/+5521993478946?text=Hi,%20there!%20I'm%20at%20Capellaweb's%20website%20and%20I'd%20like%20to%20learn%20more%20about%20you.\">WhatsApp<\/a>.<\/p>\n<\/div>\n<\/div>\n","protected":false},"excerpt":{"rendered":"<p>Ficaremos felizes em ouvir voc\u00ea! Envie uma mensagem ou solicite um or\u00e7amento hoje mesmo! Voc\u00ea pode entrar em contato pelo nosso WhatsApp.<\/p>\n","protected":false},"author":1,"featured_media":0,"parent":0,"menu_order":0,"comment_status":"closed","ping_status":"closed","template":"template-10-columns.php","meta":{"_acf_changed":false,"inline_featured_image":false,"footnotes":""},"class_list":["post-305","page","type-page","status-publish","hentry"],"acf":[],"yoast_head":"<!-- This site is optimized with the Yoast SEO plugin v26.5 - https:\/\/yoast.com\/wordpress\/plugins\/seo\/ -->\n<title>Contato - Capellaweb<\/title>\n<meta name=\"robots\" content=\"index, follow, max-snippet:-1, max-image-preview:large, max-video-preview:-1\" \/>\n<link rel=\"canonical\" href=\"https:\/\/capellaweb.com.br\/pt-br\/contato\/\" \/>\n<meta property=\"og:locale\" content=\"pt_BR\" \/>\n<meta property=\"og:type\" content=\"article\" \/>\n<meta property=\"og:title\" content=\"Contato - Capellaweb\" \/>\n<meta property=\"og:description\" content=\"Ficaremos felizes em ouvir voc\u00ea! Envie uma mensagem ou solicite um or\u00e7amento hoje mesmo! Voc\u00ea pode entrar em contato pelo nosso WhatsApp.\" \/>\n<meta property=\"og:url\" content=\"https:\/\/capellaweb.com.br\/pt-br\/contato\/\" \/>\n<meta property=\"og:site_name\" content=\"Capellaweb\" \/>\n<meta property=\"article:publisher\" content=\"https:\/\/www.facebook.com\/capellaweb\" \/>\n<meta property=\"article:modified_time\" content=\"2025-12-11T13:20:01+00:00\" \/>\n<meta name=\"twitter:card\" content=\"summary_large_image\" \/>\n<meta name=\"twitter:site\" content=\"@capellaweb\" \/>\n<meta name=\"twitter:label1\" content=\"Est. tempo de leitura\" \/>\n\t<meta name=\"twitter:data1\" content=\"1 minuto\" \/>\n<script type=\"application\/ld+json\" class=\"yoast-schema-graph\">{\"@context\":\"https:\/\/schema.org\",\"@graph\":[{\"@type\":\"WebPage\",\"@id\":\"https:\/\/capellaweb.com.br\/pt-br\/contato\/\",\"url\":\"https:\/\/capellaweb.com.br\/pt-br\/contato\/\",\"name\":\"Contato - Capellaweb\",\"isPartOf\":{\"@id\":\"https:\/\/capellaweb.com.br\/pt-br\/#website\"},\"datePublished\":\"2024-07-07T02:05:29+00:00\",\"dateModified\":\"2025-12-11T13:20:01+00:00\",\"breadcrumb\":{\"@id\":\"https:\/\/capellaweb.com.br\/pt-br\/contato\/#breadcrumb\"},\"inLanguage\":\"pt-BR\",\"potentialAction\":[{\"@type\":\"ReadAction\",\"target\":[\"https:\/\/capellaweb.com.br\/pt-br\/contato\/\"]}]},{\"@type\":\"BreadcrumbList\",\"@id\":\"https:\/\/capellaweb.com.br\/pt-br\/contato\/#breadcrumb\",\"itemListElement\":[{\"@type\":\"ListItem\",\"position\":1,\"name\":\"Home\",\"item\":\"https:\/\/capellaweb.com.br\/pt-br\/home\/\"},{\"@type\":\"ListItem\",\"position\":2,\"name\":\"Contato\"}]},{\"@type\":\"WebSite\",\"@id\":\"https:\/\/capellaweb.com.br\/pt-br\/#website\",\"url\":\"https:\/\/capellaweb.com.br\/pt-br\/\",\"name\":\"Capellaweb\",\"description\":\"\",\"publisher\":{\"@id\":\"https:\/\/capellaweb.com.br\/pt-br\/#organization\"},\"potentialAction\":[{\"@type\":\"SearchAction\",\"target\":{\"@type\":\"EntryPoint\",\"urlTemplate\":\"https:\/\/capellaweb.com.br\/pt-br\/?s={search_term_string}\"},\"query-input\":{\"@type\":\"PropertyValueSpecification\",\"valueRequired\":true,\"valueName\":\"search_term_string\"}}],\"inLanguage\":\"pt-BR\"},{\"@type\":\"Organization\",\"@id\":\"https:\/\/capellaweb.com.br\/pt-br\/#organization\",\"name\":\"Capellaweb\",\"url\":\"https:\/\/capellaweb.com.br\/pt-br\/\",\"logo\":{\"@type\":\"ImageObject\",\"inLanguage\":\"pt-BR\",\"@id\":\"https:\/\/capellaweb.com.br\/pt-br\/#\/schema\/logo\/image\/\",\"url\":\"https:\/\/capellaweb.com.br\/wp-content\/uploads\/2024\/07\/Capellaweb-logo-horizontal.svg\",\"contentUrl\":\"https:\/\/capellaweb.com.br\/wp-content\/uploads\/2024\/07\/Capellaweb-logo-horizontal.svg\",\"width\":\"1024\",\"height\":\"1024\",\"caption\":\"Capellaweb\"},\"image\":{\"@id\":\"https:\/\/capellaweb.com.br\/pt-br\/#\/schema\/logo\/image\/\"},\"sameAs\":[\"https:\/\/www.facebook.com\/capellaweb\",\"https:\/\/x.com\/capellaweb\",\"https:\/\/www.instagram.com\/capellaweb\",\"https:\/\/www.youtube.com\/capellaweb\"]}]}<\/script>\n<!-- \/ Yoast SEO plugin. -->","yoast_head_json":{"title":"Contato - Capellaweb","robots":{"index":"index","follow":"follow","max-snippet":"max-snippet:-1","max-image-preview":"max-image-preview:large","max-video-preview":"max-video-preview:-1"},"canonical":"https:\/\/capellaweb.com.br\/pt-br\/contato\/","og_locale":"pt_BR","og_type":"article","og_title":"Contato - Capellaweb","og_description":"Ficaremos felizes em ouvir voc\u00ea! Envie uma mensagem ou solicite um or\u00e7amento hoje mesmo! Voc\u00ea pode entrar em contato pelo nosso WhatsApp.","og_url":"https:\/\/capellaweb.com.br\/pt-br\/contato\/","og_site_name":"Capellaweb","article_publisher":"https:\/\/www.facebook.com\/capellaweb","article_modified_time":"2025-12-11T13:20:01+00:00","twitter_card":"summary_large_image","twitter_site":"@capellaweb","twitter_misc":{"Est. tempo de leitura":"1 minuto"},"schema":{"@context":"https:\/\/schema.org","@graph":[{"@type":"WebPage","@id":"https:\/\/capellaweb.com.br\/pt-br\/contato\/","url":"https:\/\/capellaweb.com.br\/pt-br\/contato\/","name":"Contato - Capellaweb","isPartOf":{"@id":"https:\/\/capellaweb.com.br\/pt-br\/#website"},"datePublished":"2024-07-07T02:05:29+00:00","dateModified":"2025-12-11T13:20:01+00:00","breadcrumb":{"@id":"https:\/\/capellaweb.com.br\/pt-br\/contato\/#breadcrumb"},"inLanguage":"pt-BR","potentialAction":[{"@type":"ReadAction","target":["https:\/\/capellaweb.com.br\/pt-br\/contato\/"]}]},{"@type":"BreadcrumbList","@id":"https:\/\/capellaweb.com.br\/pt-br\/contato\/#breadcrumb","itemListElement":[{"@type":"ListItem","position":1,"name":"Home","item":"https:\/\/capellaweb.com.br\/pt-br\/home\/"},{"@type":"ListItem","position":2,"name":"Contato"}]},{"@type":"WebSite","@id":"https:\/\/capellaweb.com.br\/pt-br\/#website","url":"https:\/\/capellaweb.com.br\/pt-br\/","name":"Capellaweb","description":"","publisher":{"@id":"https:\/\/capellaweb.com.br\/pt-br\/#organization"},"potentialAction":[{"@type":"SearchAction","target":{"@type":"EntryPoint","urlTemplate":"https:\/\/capellaweb.com.br\/pt-br\/?s={search_term_string}"},"query-input":{"@type":"PropertyValueSpecification","valueRequired":true,"valueName":"search_term_string"}}],"inLanguage":"pt-BR"},{"@type":"Organization","@id":"https:\/\/capellaweb.com.br\/pt-br\/#organization","name":"Capellaweb","url":"https:\/\/capellaweb.com.br\/pt-br\/","logo":{"@type":"ImageObject","inLanguage":"pt-BR","@id":"https:\/\/capellaweb.com.br\/pt-br\/#\/schema\/logo\/image\/","url":"https:\/\/capellaweb.com.br\/wp-content\/uploads\/2024\/07\/Capellaweb-logo-horizontal.svg","contentUrl":"https:\/\/capellaweb.com.br\/wp-content\/uploads\/2024\/07\/Capellaweb-logo-horizontal.svg","width":"1024","height":"1024","caption":"Capellaweb"},"image":{"@id":"https:\/\/capellaweb.com.br\/pt-br\/#\/schema\/logo\/image\/"},"sameAs":["https:\/\/www.facebook.com\/capellaweb","https:\/\/x.com\/capellaweb","https:\/\/www.instagram.com\/capellaweb","https:\/\/www.youtube.com\/capellaweb"]}]}},"_links":{"self":[{"href":"https:\/\/capellaweb.com.br\/pt-br\/wp-json\/wp\/v2\/pages\/305","targetHints":{"allow":["GET"]}}],"collection":[{"href":"https:\/\/capellaweb.com.br\/pt-br\/wp-json\/wp\/v2\/pages"}],"about":[{"href":"https:\/\/capellaweb.com.br\/pt-br\/wp-json\/wp\/v2\/types\/page"}],"author":[{"embeddable":true,"href":"https:\/\/capellaweb.com.br\/pt-br\/wp-json\/wp\/v2\/users\/1"}],"replies":[{"embeddable":true,"href":"https:\/\/capellaweb.com.br\/pt-br\/wp-json\/wp\/v2\/comments?post=305"}],"version-history":[{"count":2,"href":"https:\/\/capellaweb.com.br\/pt-br\/wp-json\/wp\/v2\/pages\/305\/revisions"}],"predecessor-version":[{"id":601,"href":"https:\/\/capellaweb.com.br\/pt-br\/wp-json\/wp\/v2\/pages\/305\/revisions\/601"}],"wp:attachment":[{"href":"https:\/\/capellaweb.com.br\/pt-br\/wp-json\/wp\/v2\/media?parent=305"}],"curies":[{"name":"wp","href":"https:\/\/api.w.org\/{rel}","templated":true}]}}