{"id":299,"date":"2024-07-12T02:31:44","date_gmt":"2024-07-12T05:31:44","guid":{"rendered":"https:\/\/capellaweb.com.br\/sobre\/"},"modified":"2024-09-03T14:07:17","modified_gmt":"2024-09-03T14:07:17","slug":"sobre","status":"publish","type":"page","link":"https:\/\/capellaweb.com.br\/pt-br\/sobre\/","title":{"rendered":"Sobre"},"content":{"rendered":"\n<div class=\"wp-block-columns is-layout-flex wp-container-core-columns-is-layout-9d6595d7 wp-block-columns-is-layout-flex\">\n<div class=\"wp-block-column is-layout-flow wp-block-column-is-layout-flow\" style=\"flex-basis:33.33%\">\n<figure class=\"wp-block-image size-large img-border\"><img decoding=\"async\" width=\"768\" height=\"1024\" src=\"https:\/\/capellaweb.com.br\/wp-content\/uploads\/2024\/07\/eduardo-capella-768x1024.webp\" alt=\"\" class=\"wp-image-99\" style=\"object-fit:cover\" srcset=\"https:\/\/capellaweb.com.br\/wp-content\/uploads\/2024\/07\/eduardo-capella-768x1024.webp 768w, https:\/\/capellaweb.com.br\/wp-content\/uploads\/2024\/07\/eduardo-capella-225x300.webp 225w, https:\/\/capellaweb.com.br\/wp-content\/uploads\/2024\/07\/eduardo-capella.webp 900w\" sizes=\"(max-width: 768px) 100vw, 768px\" \/><\/figure><\/div>\n\n\n\n<div class=\"wp-block-column is-layout-flow wp-block-column-is-layout-flow\" style=\"flex-basis:66.66%\">\n<p>A Capellaweb foi fundada em 2009 por <a href=\"https:\/\/www.linkedin.com\/in\/eduardo-capella\/\" target=\"_blank\" rel=\"noreferrer noopener\">Eduardo Capella<\/a> e, desde ent\u00e3o, tem se dedicado a ajudar seus clientes a alcan\u00e7ar seus objetivos por meio de solu\u00e7\u00f5es web. Com sede no Rio de Janeiro, Brasil, a Capellaweb \u00e9 especializada no desenvolvimento de sites responsivos personalizados e plugins para WordPress. <\/p>\n\n\n\n<p>Nosso know-how abrange tecnologias como PHP, JavaScript, jQuery, HTML e CSS. Esse conjunto diversificado de habilidades nos permite oferecer solu\u00e7\u00f5es personalizadas, adaptadas \u00e0s necessidades exclusivas de cada cliente. Temos orgulho da nossa dedica\u00e7\u00e3o em transformar suas ideias em projetos, garantindo que cada site que criamos n\u00e3o seja apenas visualmente atraente, mas tamb\u00e9m altamente funcional e de f\u00e1cil utiliza\u00e7\u00e3o.  <\/p>\n\n\n\n<p>Ao longo dos anos, trabalhamos com v\u00e1rios clientes, incluindo marcas conhecidas, como a Funda\u00e7\u00e3o Get\u00falio Vargas (FGV), a rede de restaurantes Mamma Jamma e a ONG One by One, <a href=\"https:\/\/capellaweb.com.br\/pt-br\/cases\/\" data-type=\"page\" data-id=\"27\">entre outras<\/a>.<\/p>\n\n\n\n<p>Para a FGV, ajudamos a desenvolver v\u00e1rios cursos on-line para a institui\u00e7\u00e3o.<\/p>\n\n\n\n<p>Para a Mamma Jamma, aprimoramos sua presen\u00e7a on-line, melhoramos a experi\u00eancia do usu\u00e1rio e desenvolvemos seu card\u00e1pio digital durante a pandemia.<\/p>\n\n\n\n<p>Nossa colabora\u00e7\u00e3o com a One by One envolve o treinamento de alunos em HTML, CSS e JavaScript. Em parceria com a ONG, oferecemos oportunidades educacionais a pessoas com defici\u00eancias, capacitando-as com habilidades t\u00e9cnicas de desenvolvimento da Web e diversas soft skills, promovendo sua independ\u00eancia e perspectivas de carreira. <\/p>\n\n\n\n<p>Na Capellaweb, acreditamos profundamente no poder da comunica\u00e7\u00e3o e estamos sempre felizes em ouvir nossos clientes e quem se interessa pelo nosso trabalho. Se voc\u00ea quiser deixar uma mensagem ou solicitar uma cota\u00e7\u00e3o, estamos aqui para ajud\u00e1-lo. Nossa miss\u00e3o \u00e9 continuar fornecendo solu\u00e7\u00f5es web e contribuindo para o sucesso de nossos clientes.  <\/p>\n\n\n\n<p>Visite nossas redes sociais:<\/p>\n\n\n\n<ul class=\"wp-block-list\">\n<li><a href=\"http:\/\/instagram.com\/capellaweb\"><\/a><a href=\"http:\/\/instagram.com\/capellaweb\">Instagram<\/a><\/li>\n\n\n\n<li><a href=\"http:\/\/youtube.com\/capellaweb\"><\/a><a href=\"http:\/\/youtube.com\/capellaweb\">YouTube<\/a><\/li>\n\n\n\n<li><a href=\"http:\/\/facebook.com\/capellaweb\"><\/a><a href=\"http:\/\/facebook.com\/capellaweb\">Facebook<\/a><\/li>\n<\/ul>\n<\/div>\n<\/div>\n","protected":false},"excerpt":{"rendered":"<p>A Capellaweb foi fundada em 2009 por Eduardo Capella e, desde ent\u00e3o, tem se dedicado a ajudar seus clientes a alcan\u00e7ar seus objetivos por meio de solu\u00e7\u00f5es web. Com sede no Rio de Janeiro, Brasil, a Capellaweb \u00e9 especializada no desenvolvimento de sites responsivos personalizados e plugins para WordPress. Nosso know-how abrange tecnologias como PHP, [&hellip;]<\/p>\n","protected":false},"author":1,"featured_media":0,"parent":0,"menu_order":0,"comment_status":"closed","ping_status":"closed","template":"template-10-columns.php","meta":{"_acf_changed":false,"inline_featured_image":false,"footnotes":""},"class_list":["post-299","page","type-page","status-publish","hentry"],"acf":[],"yoast_head":"<!-- This site is optimized with the Yoast SEO plugin v26.5 - https:\/\/yoast.com\/wordpress\/plugins\/seo\/ -->\n<title>Sobre - Capellaweb<\/title>\n<meta name=\"robots\" content=\"index, follow, max-snippet:-1, max-image-preview:large, max-video-preview:-1\" \/>\n<link rel=\"canonical\" href=\"https:\/\/capellaweb.com.br\/pt-br\/sobre\/\" \/>\n<meta property=\"og:locale\" content=\"pt_BR\" \/>\n<meta property=\"og:type\" content=\"article\" \/>\n<meta property=\"og:title\" content=\"Sobre - Capellaweb\" \/>\n<meta property=\"og:description\" content=\"A Capellaweb foi fundada em 2009 por Eduardo Capella e, desde ent\u00e3o, tem se dedicado a ajudar seus clientes a alcan\u00e7ar seus objetivos por meio de solu\u00e7\u00f5es web. Com sede no Rio de Janeiro, Brasil, a Capellaweb \u00e9 especializada no desenvolvimento de sites responsivos personalizados e plugins para WordPress. Nosso know-how abrange tecnologias como PHP, [&hellip;]\" \/>\n<meta property=\"og:url\" content=\"https:\/\/capellaweb.com.br\/pt-br\/sobre\/\" \/>\n<meta property=\"og:site_name\" content=\"Capellaweb\" \/>\n<meta property=\"article:publisher\" content=\"https:\/\/www.facebook.com\/capellaweb\" \/>\n<meta property=\"article:modified_time\" content=\"2024-09-03T14:07:17+00:00\" \/>\n<meta property=\"og:image\" content=\"https:\/\/capellaweb.com.br\/wp-content\/uploads\/2024\/07\/eduardo-capella-768x1024.webp\" \/>\n<meta name=\"twitter:card\" content=\"summary_large_image\" \/>\n<meta name=\"twitter:site\" content=\"@capellaweb\" \/>\n<meta name=\"twitter:label1\" content=\"Est. tempo de leitura\" \/>\n\t<meta name=\"twitter:data1\" content=\"2 minutos\" \/>\n<script type=\"application\/ld+json\" class=\"yoast-schema-graph\">{\"@context\":\"https:\/\/schema.org\",\"@graph\":[{\"@type\":\"WebPage\",\"@id\":\"https:\/\/capellaweb.com.br\/pt-br\/sobre\/\",\"url\":\"https:\/\/capellaweb.com.br\/pt-br\/sobre\/\",\"name\":\"Sobre - Capellaweb\",\"isPartOf\":{\"@id\":\"https:\/\/capellaweb.com.br\/pt-br\/#website\"},\"primaryImageOfPage\":{\"@id\":\"https:\/\/capellaweb.com.br\/pt-br\/sobre\/#primaryimage\"},\"image\":{\"@id\":\"https:\/\/capellaweb.com.br\/pt-br\/sobre\/#primaryimage\"},\"thumbnailUrl\":\"https:\/\/capellaweb.com.br\/wp-content\/uploads\/2024\/07\/eduardo-capella-768x1024.webp\",\"datePublished\":\"2024-07-12T05:31:44+00:00\",\"dateModified\":\"2024-09-03T14:07:17+00:00\",\"breadcrumb\":{\"@id\":\"https:\/\/capellaweb.com.br\/pt-br\/sobre\/#breadcrumb\"},\"inLanguage\":\"pt-BR\",\"potentialAction\":[{\"@type\":\"ReadAction\",\"target\":[\"https:\/\/capellaweb.com.br\/pt-br\/sobre\/\"]}]},{\"@type\":\"ImageObject\",\"inLanguage\":\"pt-BR\",\"@id\":\"https:\/\/capellaweb.com.br\/pt-br\/sobre\/#primaryimage\",\"url\":\"https:\/\/capellaweb.com.br\/wp-content\/uploads\/2024\/07\/eduardo-capella-768x1024.webp\",\"contentUrl\":\"https:\/\/capellaweb.com.br\/wp-content\/uploads\/2024\/07\/eduardo-capella-768x1024.webp\"},{\"@type\":\"BreadcrumbList\",\"@id\":\"https:\/\/capellaweb.com.br\/pt-br\/sobre\/#breadcrumb\",\"itemListElement\":[{\"@type\":\"ListItem\",\"position\":1,\"name\":\"Home\",\"item\":\"https:\/\/capellaweb.com.br\/pt-br\/home\/\"},{\"@type\":\"ListItem\",\"position\":2,\"name\":\"Sobre\"}]},{\"@type\":\"WebSite\",\"@id\":\"https:\/\/capellaweb.com.br\/pt-br\/#website\",\"url\":\"https:\/\/capellaweb.com.br\/pt-br\/\",\"name\":\"Capellaweb\",\"description\":\"\",\"publisher\":{\"@id\":\"https:\/\/capellaweb.com.br\/pt-br\/#organization\"},\"potentialAction\":[{\"@type\":\"SearchAction\",\"target\":{\"@type\":\"EntryPoint\",\"urlTemplate\":\"https:\/\/capellaweb.com.br\/pt-br\/?s={search_term_string}\"},\"query-input\":{\"@type\":\"PropertyValueSpecification\",\"valueRequired\":true,\"valueName\":\"search_term_string\"}}],\"inLanguage\":\"pt-BR\"},{\"@type\":\"Organization\",\"@id\":\"https:\/\/capellaweb.com.br\/pt-br\/#organization\",\"name\":\"Capellaweb\",\"url\":\"https:\/\/capellaweb.com.br\/pt-br\/\",\"logo\":{\"@type\":\"ImageObject\",\"inLanguage\":\"pt-BR\",\"@id\":\"https:\/\/capellaweb.com.br\/pt-br\/#\/schema\/logo\/image\/\",\"url\":\"https:\/\/capellaweb.com.br\/wp-content\/uploads\/2024\/07\/Capellaweb-logo-horizontal.svg\",\"contentUrl\":\"https:\/\/capellaweb.com.br\/wp-content\/uploads\/2024\/07\/Capellaweb-logo-horizontal.svg\",\"width\":\"1024\",\"height\":\"1024\",\"caption\":\"Capellaweb\"},\"image\":{\"@id\":\"https:\/\/capellaweb.com.br\/pt-br\/#\/schema\/logo\/image\/\"},\"sameAs\":[\"https:\/\/www.facebook.com\/capellaweb\",\"https:\/\/x.com\/capellaweb\",\"https:\/\/www.instagram.com\/capellaweb\",\"https:\/\/www.youtube.com\/capellaweb\"]}]}<\/script>\n<!-- \/ Yoast SEO plugin. -->","yoast_head_json":{"title":"Sobre - Capellaweb","robots":{"index":"index","follow":"follow","max-snippet":"max-snippet:-1","max-image-preview":"max-image-preview:large","max-video-preview":"max-video-preview:-1"},"canonical":"https:\/\/capellaweb.com.br\/pt-br\/sobre\/","og_locale":"pt_BR","og_type":"article","og_title":"Sobre - Capellaweb","og_description":"A Capellaweb foi fundada em 2009 por Eduardo Capella e, desde ent\u00e3o, tem se dedicado a ajudar seus clientes a alcan\u00e7ar seus objetivos por meio de solu\u00e7\u00f5es web. Com sede no Rio de Janeiro, Brasil, a Capellaweb \u00e9 especializada no desenvolvimento de sites responsivos personalizados e plugins para WordPress. Nosso know-how abrange tecnologias como PHP, [&hellip;]","og_url":"https:\/\/capellaweb.com.br\/pt-br\/sobre\/","og_site_name":"Capellaweb","article_publisher":"https:\/\/www.facebook.com\/capellaweb","article_modified_time":"2024-09-03T14:07:17+00:00","og_image":[{"url":"https:\/\/capellaweb.com.br\/wp-content\/uploads\/2024\/07\/eduardo-capella-768x1024.webp","type":"","width":"","height":""}],"twitter_card":"summary_large_image","twitter_site":"@capellaweb","twitter_misc":{"Est. tempo de leitura":"2 minutos"},"schema":{"@context":"https:\/\/schema.org","@graph":[{"@type":"WebPage","@id":"https:\/\/capellaweb.com.br\/pt-br\/sobre\/","url":"https:\/\/capellaweb.com.br\/pt-br\/sobre\/","name":"Sobre - Capellaweb","isPartOf":{"@id":"https:\/\/capellaweb.com.br\/pt-br\/#website"},"primaryImageOfPage":{"@id":"https:\/\/capellaweb.com.br\/pt-br\/sobre\/#primaryimage"},"image":{"@id":"https:\/\/capellaweb.com.br\/pt-br\/sobre\/#primaryimage"},"thumbnailUrl":"https:\/\/capellaweb.com.br\/wp-content\/uploads\/2024\/07\/eduardo-capella-768x1024.webp","datePublished":"2024-07-12T05:31:44+00:00","dateModified":"2024-09-03T14:07:17+00:00","breadcrumb":{"@id":"https:\/\/capellaweb.com.br\/pt-br\/sobre\/#breadcrumb"},"inLanguage":"pt-BR","potentialAction":[{"@type":"ReadAction","target":["https:\/\/capellaweb.com.br\/pt-br\/sobre\/"]}]},{"@type":"ImageObject","inLanguage":"pt-BR","@id":"https:\/\/capellaweb.com.br\/pt-br\/sobre\/#primaryimage","url":"https:\/\/capellaweb.com.br\/wp-content\/uploads\/2024\/07\/eduardo-capella-768x1024.webp","contentUrl":"https:\/\/capellaweb.com.br\/wp-content\/uploads\/2024\/07\/eduardo-capella-768x1024.webp"},{"@type":"BreadcrumbList","@id":"https:\/\/capellaweb.com.br\/pt-br\/sobre\/#breadcrumb","itemListElement":[{"@type":"ListItem","position":1,"name":"Home","item":"https:\/\/capellaweb.com.br\/pt-br\/home\/"},{"@type":"ListItem","position":2,"name":"Sobre"}]},{"@type":"WebSite","@id":"https:\/\/capellaweb.com.br\/pt-br\/#website","url":"https:\/\/capellaweb.com.br\/pt-br\/","name":"Capellaweb","description":"","publisher":{"@id":"https:\/\/capellaweb.com.br\/pt-br\/#organization"},"potentialAction":[{"@type":"SearchAction","target":{"@type":"EntryPoint","urlTemplate":"https:\/\/capellaweb.com.br\/pt-br\/?s={search_term_string}"},"query-input":{"@type":"PropertyValueSpecification","valueRequired":true,"valueName":"search_term_string"}}],"inLanguage":"pt-BR"},{"@type":"Organization","@id":"https:\/\/capellaweb.com.br\/pt-br\/#organization","name":"Capellaweb","url":"https:\/\/capellaweb.com.br\/pt-br\/","logo":{"@type":"ImageObject","inLanguage":"pt-BR","@id":"https:\/\/capellaweb.com.br\/pt-br\/#\/schema\/logo\/image\/","url":"https:\/\/capellaweb.com.br\/wp-content\/uploads\/2024\/07\/Capellaweb-logo-horizontal.svg","contentUrl":"https:\/\/capellaweb.com.br\/wp-content\/uploads\/2024\/07\/Capellaweb-logo-horizontal.svg","width":"1024","height":"1024","caption":"Capellaweb"},"image":{"@id":"https:\/\/capellaweb.com.br\/pt-br\/#\/schema\/logo\/image\/"},"sameAs":["https:\/\/www.facebook.com\/capellaweb","https:\/\/x.com\/capellaweb","https:\/\/www.instagram.com\/capellaweb","https:\/\/www.youtube.com\/capellaweb"]}]}},"_links":{"self":[{"href":"https:\/\/capellaweb.com.br\/pt-br\/wp-json\/wp\/v2\/pages\/299","targetHints":{"allow":["GET"]}}],"collection":[{"href":"https:\/\/capellaweb.com.br\/pt-br\/wp-json\/wp\/v2\/pages"}],"about":[{"href":"https:\/\/capellaweb.com.br\/pt-br\/wp-json\/wp\/v2\/types\/page"}],"author":[{"embeddable":true,"href":"https:\/\/capellaweb.com.br\/pt-br\/wp-json\/wp\/v2\/users\/1"}],"replies":[{"embeddable":true,"href":"https:\/\/capellaweb.com.br\/pt-br\/wp-json\/wp\/v2\/comments?post=299"}],"version-history":[{"count":1,"href":"https:\/\/capellaweb.com.br\/pt-br\/wp-json\/wp\/v2\/pages\/299\/revisions"}],"predecessor-version":[{"id":300,"href":"https:\/\/capellaweb.com.br\/pt-br\/wp-json\/wp\/v2\/pages\/299\/revisions\/300"}],"wp:attachment":[{"href":"https:\/\/capellaweb.com.br\/pt-br\/wp-json\/wp\/v2\/media?parent=299"}],"curies":[{"name":"wp","href":"https:\/\/api.w.org\/{rel}","templated":true}]}}