{"id":297,"date":"2024-07-06T23:05:41","date_gmt":"2024-07-06T23:05:41","guid":{"rendered":"https:\/\/capellaweb.com.br\/cases\/"},"modified":"2024-09-03T19:47:35","modified_gmt":"2024-09-03T19:47:35","slug":"cases","status":"publish","type":"page","link":"https:\/\/capellaweb.com.br\/pt-br\/cases\/","title":{"rendered":"Cases"},"content":{"rendered":"\n<div class=\"wp-block-columns are-vertically-aligned-center is-layout-flex wp-container-core-columns-is-layout-9d6595d7 wp-block-columns-is-layout-flex\">\n<div class=\"wp-block-column is-vertically-aligned-center is-layout-flow wp-block-column-is-layout-flow\" style=\"flex-basis:33.33%\">\n<figure class=\"wp-block-image size-large\"><a href=\"https:\/\/capellaweb.com.br\/site\/mamma-jamma\/\"><img decoding=\"async\" width=\"1024\" height=\"341\" src=\"https:\/\/capellaweb.com.br\/wp-content\/uploads\/2024\/07\/Capellaweb-Mamma-Jamma-v2-1024x341.webp\" alt=\"\" class=\"wp-image-61\" srcset=\"https:\/\/capellaweb.com.br\/wp-content\/uploads\/2024\/07\/Capellaweb-Mamma-Jamma-v2-1024x341.webp 1024w, https:\/\/capellaweb.com.br\/wp-content\/uploads\/2024\/07\/Capellaweb-Mamma-Jamma-v2-300x100.webp 300w, https:\/\/capellaweb.com.br\/wp-content\/uploads\/2024\/07\/Capellaweb-Mamma-Jamma-v2-768x256.webp 768w, https:\/\/capellaweb.com.br\/wp-content\/uploads\/2024\/07\/Capellaweb-Mamma-Jamma-v2.webp 1200w\" sizes=\"(max-width: 1024px) 100vw, 1024px\" \/><\/a><\/figure><\/div>\n\n\n\n<div class=\"wp-block-column is-vertically-aligned-center is-layout-flow wp-block-column-is-layout-flow\" style=\"flex-basis:66.66%\">\n<p>Mamma Jamma \u00e9 uma conhecida rede de restaurantes no Brasil, famosa por suas pizzas artesanais e culin\u00e1ria italiana. A Capellaweb desenvolveu o site da Mamma Jamma em WordPress, com algumas solu\u00e7\u00f5es incluindo um menu\/card\u00e1pio online com PHP e JavaScript.<\/p>\n<\/div>\n<\/div>\n\n<div class=\"wp-block-columns are-vertically-aligned-center is-layout-flex wp-container-core-columns-is-layout-9d6595d7 wp-block-columns-is-layout-flex\">\n<div class=\"wp-block-column is-vertically-aligned-center is-layout-flow wp-block-column-is-layout-flow\" style=\"flex-basis:33.33%\">\n<figure class=\"wp-block-image size-large\"><img decoding=\"async\" width=\"1024\" height=\"341\" src=\"https:\/\/capellaweb.com.br\/wp-content\/uploads\/2024\/07\/Capellaweb-One-by-One-1024x341.webp\" alt=\"\" class=\"wp-image-63\" srcset=\"https:\/\/capellaweb.com.br\/wp-content\/uploads\/2024\/07\/Capellaweb-One-by-One-1024x341.webp 1024w, https:\/\/capellaweb.com.br\/wp-content\/uploads\/2024\/07\/Capellaweb-One-by-One-300x100.webp 300w, https:\/\/capellaweb.com.br\/wp-content\/uploads\/2024\/07\/Capellaweb-One-by-One-768x256.webp 768w, https:\/\/capellaweb.com.br\/wp-content\/uploads\/2024\/07\/Capellaweb-One-by-One.webp 1200w\" sizes=\"(max-width: 1024px) 100vw, 1024px\" \/><\/figure><\/div>\n\n\n\n<div class=\"wp-block-column is-vertically-aligned-center is-layout-flow wp-block-column-is-layout-flow\" style=\"flex-basis:66.66%\">\n<p>A One by One \u00e9 uma Organiza\u00e7\u00e3o-N\u00e3o-Governamental, localizada no Rio de Janeiro, que prov\u00ea suporte e apoio para pessoas com defici\u00eancias. A Capellaweb treina em HTML, CSS e JavaScript alunos financiados pela ONG.<\/p>\n<\/div>\n<\/div>\n\n<div class=\"wp-block-columns are-vertically-aligned-center mb-5 is-layout-flex wp-container-core-columns-is-layout-9d6595d7 wp-block-columns-is-layout-flex\">\n<div class=\"wp-block-column is-vertically-aligned-center is-layout-flow wp-block-column-is-layout-flow\" style=\"flex-basis:33.33%\">\n<figure class=\"wp-block-image size-large\"><a href=\"https:\/\/capellaweb.com.br\/site\/hells-burguer\/\"><img decoding=\"async\" width=\"1024\" height=\"341\" src=\"https:\/\/capellaweb.com.br\/wp-content\/uploads\/2024\/07\/Capellaweb-Hellsburguer-1024x341.webp\" alt=\"\" class=\"wp-image-105\" srcset=\"https:\/\/capellaweb.com.br\/wp-content\/uploads\/2024\/07\/Capellaweb-Hellsburguer-1024x341.webp 1024w, https:\/\/capellaweb.com.br\/wp-content\/uploads\/2024\/07\/Capellaweb-Hellsburguer-300x100.webp 300w, https:\/\/capellaweb.com.br\/wp-content\/uploads\/2024\/07\/Capellaweb-Hellsburguer-768x256.webp 768w, https:\/\/capellaweb.com.br\/wp-content\/uploads\/2024\/07\/Capellaweb-Hellsburguer.webp 1200w\" sizes=\"(max-width: 1024px) 100vw, 1024px\" \/><\/a><\/figure><\/div>\n\n\n\n<div class=\"wp-block-column is-vertically-aligned-center is-layout-flow wp-block-column-is-layout-flow\" style=\"flex-basis:66.66%\">\n<p>Hell&#8217;s Burguer \u00e9 uma hamburgueria conhecida por seus ingredientes de alta-qualidade e combina\u00e7\u00f5es \u00fanicas no Rio de Janeiro. Essa mistura entre esses ingredientes e o esp\u00edrito do rock n&#8217; roll a tornam um local bastante especial, e a Capellaweb teve o prazer de desenvolver seu site em WordPress. Keep on rockin&#8217; in the free world!<\/p>\n<\/div>\n<\/div>\n\n<div class=\"wp-block-columns is-layout-flex wp-container-core-columns-is-layout-9d6595d7 wp-block-columns-is-layout-flex\">\n<div class=\"wp-block-column col-10-12 is-layout-flow wp-block-column-is-layout-flow\">\n<p>Durante esse tempo, trabalhamos com clientes diversos em diferentes projetos. Alguns foram tempor\u00e1rios ou parte de iniciativas maiores. Por exemplo, v\u00e1rias vezes desenvolvemos o HTML e CSS a partir de um layout j\u00e1 pronto, j\u00e1 cuidamos tamb\u00e9m apenas da implementa\u00e7\u00e3o front-end, criamos landing pages para eventos, ou criamos marcas e sites para empresas que, infelizmente, tiveram que fechar. Aqui est\u00e1 uma lista de alguns desses clientes:<\/p>\n\n\n\n<ul class=\"wp-block-list\">\n<li>Senac-RJ<\/li>\n\n\n\n<li>Richards<\/li>\n\n\n\n<li>Rio Design Leblon<\/li>\n\n\n\n<li>Fluminense Football Club<\/li>\n\n\n\n<li>Mamma Jamma<\/li>\n\n\n\n<li>IMPA<\/li>\n\n\n\n<li>IE\/UFRJ &#8211; Instituto de Economia da UFRJ<\/li>\n\n\n\n<li>Instituto Dom\u00e9stica Legal<\/li>\n\n\n\n<li>Amazonas &#8211; \u00d3leo, G\u00e1s e Energia<\/li>\n\n\n\n<li>HellsBurguer<\/li>\n\n\n\n<li>Garreta Law<\/li>\n\n\n\n<li>EPC<\/li>\n\n\n\n<li>Value Trend<\/li>\n\n\n\n<li>Praxis<\/li>\n\n\n\n<li>Rio de Janeiro Investimentos<\/li>\n\n\n\n<li>Ladgarcia<\/li>\n\n\n\n<li>Os Gon\u00e7alves<\/li>\n\n\n\n<li>Acre Investimentos<\/li>\n\n\n\n<li>Immobiliare<\/li>\n\n\n\n<li>Esmalteria Carioca<\/li>\n\n\n\n<li>Bowne<\/li>\n\n\n\n<li>Hospedaria Entre Amigos<\/li>\n\n\n\n<li>Venture One<\/li>\n\n\n\n<li>ISBET<\/li>\n\n\n\n<li>Murilo Alambert<\/li>\n\n\n\n<li>Anthares<\/li>\n\n\n\n<li>Mariah<\/li>\n\n\n\n<li>Pleno Sa\u00fade<\/li>\n\n\n\n<li>Miceli Sociedade de Advogados<\/li>\n\n\n\n<li>Garreta Law<\/li>\n\n\n\n<li>Utopiar<\/li>\n\n\n\n<li>Espa\u00e7o Chi<\/li>\n\n\n\n<li>EBAC (SP)<\/li>\n\n\n\n<li>Capella<\/li>\n<\/ul>\n<\/div>\n<\/div>\n","protected":false},"excerpt":{"rendered":"<p>Mamma Jamma \u00e9 uma conhecida rede de restaurantes no Brasil, famosa por suas pizzas artesanais e culin\u00e1ria italiana. A Capellaweb desenvolveu o site da Mamma Jamma em WordPress, com algumas solu\u00e7\u00f5es incluindo um menu\/card\u00e1pio online com PHP e JavaScript. A One by One \u00e9 uma Organiza\u00e7\u00e3o-N\u00e3o-Governamental, localizada no Rio de Janeiro, que prov\u00ea suporte e [&hellip;]<\/p>\n","protected":false},"author":1,"featured_media":0,"parent":0,"menu_order":0,"comment_status":"closed","ping_status":"closed","template":"","meta":{"_acf_changed":false,"inline_featured_image":false,"footnotes":""},"class_list":["post-297","page","type-page","status-publish","hentry"],"acf":[],"yoast_head":"<!-- This site is optimized with the Yoast SEO plugin v26.5 - https:\/\/yoast.com\/wordpress\/plugins\/seo\/ -->\n<title>Cases - Capellaweb<\/title>\n<meta name=\"robots\" content=\"index, follow, max-snippet:-1, max-image-preview:large, max-video-preview:-1\" \/>\n<link rel=\"canonical\" href=\"https:\/\/capellaweb.com.br\/pt-br\/cases\/\" \/>\n<meta property=\"og:locale\" content=\"pt_BR\" \/>\n<meta property=\"og:type\" content=\"article\" \/>\n<meta property=\"og:title\" content=\"Cases - Capellaweb\" \/>\n<meta property=\"og:description\" content=\"Mamma Jamma \u00e9 uma conhecida rede de restaurantes no Brasil, famosa por suas pizzas artesanais e culin\u00e1ria italiana. A Capellaweb desenvolveu o site da Mamma Jamma em WordPress, com algumas solu\u00e7\u00f5es incluindo um menu\/card\u00e1pio online com PHP e JavaScript. A One by One \u00e9 uma Organiza\u00e7\u00e3o-N\u00e3o-Governamental, localizada no Rio de Janeiro, que prov\u00ea suporte e [&hellip;]\" \/>\n<meta property=\"og:url\" content=\"https:\/\/capellaweb.com.br\/pt-br\/cases\/\" \/>\n<meta property=\"og:site_name\" content=\"Capellaweb\" \/>\n<meta property=\"article:publisher\" content=\"https:\/\/www.facebook.com\/capellaweb\" \/>\n<meta property=\"article:modified_time\" content=\"2024-09-03T19:47:35+00:00\" \/>\n<meta property=\"og:image\" content=\"https:\/\/capellaweb.com.br\/wp-content\/uploads\/2024\/07\/Capellaweb-Mamma-Jamma-v2-1024x341.webp\" \/>\n<meta name=\"twitter:card\" content=\"summary_large_image\" \/>\n<meta name=\"twitter:site\" content=\"@capellaweb\" \/>\n<meta name=\"twitter:label1\" content=\"Est. tempo de leitura\" \/>\n\t<meta name=\"twitter:data1\" content=\"1 minuto\" \/>\n<script type=\"application\/ld+json\" class=\"yoast-schema-graph\">{\"@context\":\"https:\/\/schema.org\",\"@graph\":[{\"@type\":\"WebPage\",\"@id\":\"https:\/\/capellaweb.com.br\/pt-br\/cases\/\",\"url\":\"https:\/\/capellaweb.com.br\/pt-br\/cases\/\",\"name\":\"Cases - Capellaweb\",\"isPartOf\":{\"@id\":\"https:\/\/capellaweb.com.br\/pt-br\/#website\"},\"primaryImageOfPage\":{\"@id\":\"https:\/\/capellaweb.com.br\/pt-br\/cases\/#primaryimage\"},\"image\":{\"@id\":\"https:\/\/capellaweb.com.br\/pt-br\/cases\/#primaryimage\"},\"thumbnailUrl\":\"https:\/\/capellaweb.com.br\/wp-content\/uploads\/2024\/07\/Capellaweb-Mamma-Jamma-v2-1024x341.webp\",\"datePublished\":\"2024-07-06T23:05:41+00:00\",\"dateModified\":\"2024-09-03T19:47:35+00:00\",\"breadcrumb\":{\"@id\":\"https:\/\/capellaweb.com.br\/pt-br\/cases\/#breadcrumb\"},\"inLanguage\":\"pt-BR\",\"potentialAction\":[{\"@type\":\"ReadAction\",\"target\":[\"https:\/\/capellaweb.com.br\/pt-br\/cases\/\"]}]},{\"@type\":\"ImageObject\",\"inLanguage\":\"pt-BR\",\"@id\":\"https:\/\/capellaweb.com.br\/pt-br\/cases\/#primaryimage\",\"url\":\"https:\/\/capellaweb.com.br\/wp-content\/uploads\/2024\/07\/Capellaweb-Mamma-Jamma-v2-1024x341.webp\",\"contentUrl\":\"https:\/\/capellaweb.com.br\/wp-content\/uploads\/2024\/07\/Capellaweb-Mamma-Jamma-v2-1024x341.webp\"},{\"@type\":\"BreadcrumbList\",\"@id\":\"https:\/\/capellaweb.com.br\/pt-br\/cases\/#breadcrumb\",\"itemListElement\":[{\"@type\":\"ListItem\",\"position\":1,\"name\":\"Home\",\"item\":\"https:\/\/capellaweb.com.br\/pt-br\/home\/\"},{\"@type\":\"ListItem\",\"position\":2,\"name\":\"Cases\"}]},{\"@type\":\"WebSite\",\"@id\":\"https:\/\/capellaweb.com.br\/pt-br\/#website\",\"url\":\"https:\/\/capellaweb.com.br\/pt-br\/\",\"name\":\"Capellaweb\",\"description\":\"\",\"publisher\":{\"@id\":\"https:\/\/capellaweb.com.br\/pt-br\/#organization\"},\"potentialAction\":[{\"@type\":\"SearchAction\",\"target\":{\"@type\":\"EntryPoint\",\"urlTemplate\":\"https:\/\/capellaweb.com.br\/pt-br\/?s={search_term_string}\"},\"query-input\":{\"@type\":\"PropertyValueSpecification\",\"valueRequired\":true,\"valueName\":\"search_term_string\"}}],\"inLanguage\":\"pt-BR\"},{\"@type\":\"Organization\",\"@id\":\"https:\/\/capellaweb.com.br\/pt-br\/#organization\",\"name\":\"Capellaweb\",\"url\":\"https:\/\/capellaweb.com.br\/pt-br\/\",\"logo\":{\"@type\":\"ImageObject\",\"inLanguage\":\"pt-BR\",\"@id\":\"https:\/\/capellaweb.com.br\/pt-br\/#\/schema\/logo\/image\/\",\"url\":\"https:\/\/capellaweb.com.br\/wp-content\/uploads\/2024\/07\/Capellaweb-logo-horizontal.svg\",\"contentUrl\":\"https:\/\/capellaweb.com.br\/wp-content\/uploads\/2024\/07\/Capellaweb-logo-horizontal.svg\",\"width\":\"1024\",\"height\":\"1024\",\"caption\":\"Capellaweb\"},\"image\":{\"@id\":\"https:\/\/capellaweb.com.br\/pt-br\/#\/schema\/logo\/image\/\"},\"sameAs\":[\"https:\/\/www.facebook.com\/capellaweb\",\"https:\/\/x.com\/capellaweb\",\"https:\/\/www.instagram.com\/capellaweb\",\"https:\/\/www.youtube.com\/capellaweb\"]}]}<\/script>\n<!-- \/ Yoast SEO plugin. -->","yoast_head_json":{"title":"Cases - Capellaweb","robots":{"index":"index","follow":"follow","max-snippet":"max-snippet:-1","max-image-preview":"max-image-preview:large","max-video-preview":"max-video-preview:-1"},"canonical":"https:\/\/capellaweb.com.br\/pt-br\/cases\/","og_locale":"pt_BR","og_type":"article","og_title":"Cases - Capellaweb","og_description":"Mamma Jamma \u00e9 uma conhecida rede de restaurantes no Brasil, famosa por suas pizzas artesanais e culin\u00e1ria italiana. A Capellaweb desenvolveu o site da Mamma Jamma em WordPress, com algumas solu\u00e7\u00f5es incluindo um menu\/card\u00e1pio online com PHP e JavaScript. A One by One \u00e9 uma Organiza\u00e7\u00e3o-N\u00e3o-Governamental, localizada no Rio de Janeiro, que prov\u00ea suporte e [&hellip;]","og_url":"https:\/\/capellaweb.com.br\/pt-br\/cases\/","og_site_name":"Capellaweb","article_publisher":"https:\/\/www.facebook.com\/capellaweb","article_modified_time":"2024-09-03T19:47:35+00:00","og_image":[{"url":"https:\/\/capellaweb.com.br\/wp-content\/uploads\/2024\/07\/Capellaweb-Mamma-Jamma-v2-1024x341.webp","type":"","width":"","height":""}],"twitter_card":"summary_large_image","twitter_site":"@capellaweb","twitter_misc":{"Est. tempo de leitura":"1 minuto"},"schema":{"@context":"https:\/\/schema.org","@graph":[{"@type":"WebPage","@id":"https:\/\/capellaweb.com.br\/pt-br\/cases\/","url":"https:\/\/capellaweb.com.br\/pt-br\/cases\/","name":"Cases - Capellaweb","isPartOf":{"@id":"https:\/\/capellaweb.com.br\/pt-br\/#website"},"primaryImageOfPage":{"@id":"https:\/\/capellaweb.com.br\/pt-br\/cases\/#primaryimage"},"image":{"@id":"https:\/\/capellaweb.com.br\/pt-br\/cases\/#primaryimage"},"thumbnailUrl":"https:\/\/capellaweb.com.br\/wp-content\/uploads\/2024\/07\/Capellaweb-Mamma-Jamma-v2-1024x341.webp","datePublished":"2024-07-06T23:05:41+00:00","dateModified":"2024-09-03T19:47:35+00:00","breadcrumb":{"@id":"https:\/\/capellaweb.com.br\/pt-br\/cases\/#breadcrumb"},"inLanguage":"pt-BR","potentialAction":[{"@type":"ReadAction","target":["https:\/\/capellaweb.com.br\/pt-br\/cases\/"]}]},{"@type":"ImageObject","inLanguage":"pt-BR","@id":"https:\/\/capellaweb.com.br\/pt-br\/cases\/#primaryimage","url":"https:\/\/capellaweb.com.br\/wp-content\/uploads\/2024\/07\/Capellaweb-Mamma-Jamma-v2-1024x341.webp","contentUrl":"https:\/\/capellaweb.com.br\/wp-content\/uploads\/2024\/07\/Capellaweb-Mamma-Jamma-v2-1024x341.webp"},{"@type":"BreadcrumbList","@id":"https:\/\/capellaweb.com.br\/pt-br\/cases\/#breadcrumb","itemListElement":[{"@type":"ListItem","position":1,"name":"Home","item":"https:\/\/capellaweb.com.br\/pt-br\/home\/"},{"@type":"ListItem","position":2,"name":"Cases"}]},{"@type":"WebSite","@id":"https:\/\/capellaweb.com.br\/pt-br\/#website","url":"https:\/\/capellaweb.com.br\/pt-br\/","name":"Capellaweb","description":"","publisher":{"@id":"https:\/\/capellaweb.com.br\/pt-br\/#organization"},"potentialAction":[{"@type":"SearchAction","target":{"@type":"EntryPoint","urlTemplate":"https:\/\/capellaweb.com.br\/pt-br\/?s={search_term_string}"},"query-input":{"@type":"PropertyValueSpecification","valueRequired":true,"valueName":"search_term_string"}}],"inLanguage":"pt-BR"},{"@type":"Organization","@id":"https:\/\/capellaweb.com.br\/pt-br\/#organization","name":"Capellaweb","url":"https:\/\/capellaweb.com.br\/pt-br\/","logo":{"@type":"ImageObject","inLanguage":"pt-BR","@id":"https:\/\/capellaweb.com.br\/pt-br\/#\/schema\/logo\/image\/","url":"https:\/\/capellaweb.com.br\/wp-content\/uploads\/2024\/07\/Capellaweb-logo-horizontal.svg","contentUrl":"https:\/\/capellaweb.com.br\/wp-content\/uploads\/2024\/07\/Capellaweb-logo-horizontal.svg","width":"1024","height":"1024","caption":"Capellaweb"},"image":{"@id":"https:\/\/capellaweb.com.br\/pt-br\/#\/schema\/logo\/image\/"},"sameAs":["https:\/\/www.facebook.com\/capellaweb","https:\/\/x.com\/capellaweb","https:\/\/www.instagram.com\/capellaweb","https:\/\/www.youtube.com\/capellaweb"]}]}},"_links":{"self":[{"href":"https:\/\/capellaweb.com.br\/pt-br\/wp-json\/wp\/v2\/pages\/297","targetHints":{"allow":["GET"]}}],"collection":[{"href":"https:\/\/capellaweb.com.br\/pt-br\/wp-json\/wp\/v2\/pages"}],"about":[{"href":"https:\/\/capellaweb.com.br\/pt-br\/wp-json\/wp\/v2\/types\/page"}],"author":[{"embeddable":true,"href":"https:\/\/capellaweb.com.br\/pt-br\/wp-json\/wp\/v2\/users\/1"}],"replies":[{"embeddable":true,"href":"https:\/\/capellaweb.com.br\/pt-br\/wp-json\/wp\/v2\/comments?post=297"}],"version-history":[{"count":8,"href":"https:\/\/capellaweb.com.br\/pt-br\/wp-json\/wp\/v2\/pages\/297\/revisions"}],"predecessor-version":[{"id":322,"href":"https:\/\/capellaweb.com.br\/pt-br\/wp-json\/wp\/v2\/pages\/297\/revisions\/322"}],"wp:attachment":[{"href":"https:\/\/capellaweb.com.br\/pt-br\/wp-json\/wp\/v2\/media?parent=297"}],"curies":[{"name":"wp","href":"https:\/\/api.w.org\/{rel}","templated":true}]}}