{"id":294,"date":"2024-09-02T03:13:46","date_gmt":"2024-09-02T03:13:46","guid":{"rendered":"https:\/\/capellaweb.com.br\/artigos\/"},"modified":"2024-09-03T13:50:23","modified_gmt":"2024-09-03T13:50:23","slug":"artigos","status":"publish","type":"page","link":"https:\/\/capellaweb.com.br\/pt-br\/artigos\/","title":{"rendered":"Artigos"},"content":{"rendered":"\n<div class=\"wp-block-query is-layout-flow wp-block-query-is-layout-flow\"><ul class=\"wp-block-post-template is-layout-flow wp-block-post-template-is-layout-flow\"><li class=\"wp-block-post post-361 post type-post status-publish format-standard has-post-thumbnail hentry category-ecommerce-pt-br category-woocommerce-pt-br\">\n<h3 class=\"wp-block-post-title\"><a href=\"https:\/\/capellaweb.com.br\/pt-br\/uma-loja-virtual-e-uma-otima-ferramenta-para-o-seu-negocio\/\" target=\"_self\" >Uma Loja Virtual \u00e9 uma \u00f3tima ferramenta para o seu neg\u00f3cio!<\/a><\/h3>\n\n<div class=\"wp-block-post-date\"><time datetime=\"2020-08-20T11:52:00-03:00\">agosto 20, 2020<\/time><\/div>\n\n<figure class=\"alignwide wp-block-post-featured-image\"><a href=\"https:\/\/capellaweb.com.br\/pt-br\/uma-loja-virtual-e-uma-otima-ferramenta-para-o-seu-negocio\/\" target=\"_self\"  ><img decoding=\"async\" width=\"1500\" height=\"500\" src=\"https:\/\/capellaweb.com.br\/wp-content\/uploads\/2020\/08\/capellaweb-online-store.webp\" class=\"attachment-post-thumbnail size-post-thumbnail wp-post-image\" alt=\"Uma Loja Virtual \u00e9 uma \u00f3tima ferramenta para o seu neg\u00f3cio!\" style=\"object-fit:cover;\" srcset=\"https:\/\/capellaweb.com.br\/wp-content\/uploads\/2020\/08\/capellaweb-online-store.webp 1500w, https:\/\/capellaweb.com.br\/wp-content\/uploads\/2020\/08\/capellaweb-online-store-300x100.webp 300w, https:\/\/capellaweb.com.br\/wp-content\/uploads\/2020\/08\/capellaweb-online-store-1024x341.webp 1024w, https:\/\/capellaweb.com.br\/wp-content\/uploads\/2020\/08\/capellaweb-online-store-768x256.webp 768w\" sizes=\"(max-width: 1500px) 100vw, 1500px\" \/><\/a><\/figure>\n\n<div class=\"wp-block-post-excerpt\"><p class=\"wp-block-post-excerpt__excerpt\">Uma Loja Virtual \u00e9 uma \u00f3tima ferramenta para o seu neg\u00f3cio! Entretanto, muitas pessoas pensam nela como um fim e n\u00e3o como uma ferramenta. Para de fato investir em uma, \u00e9 necess\u00e1rio fazer um Estudo de Viabilidade de Neg\u00f3cio, o 1\u00ba passo para qualquer empreendimento, e ver se o Estudo recomenda a implementa\u00e7\u00e3o de uma&hellip; <\/p><\/div>\n<\/li><li class=\"wp-block-post post-365 post type-post status-publish format-standard has-post-thumbnail hentry category-desenvolvimento category-wordpress-pt-br\">\n<h3 class=\"wp-block-post-title\"><a href=\"https:\/\/capellaweb.com.br\/pt-br\/o-que-e-wordpress\/\" target=\"_self\" >O que \u00e9 WordPress?<\/a><\/h3>\n\n<div class=\"wp-block-post-date\"><time datetime=\"2020-08-13T13:53:00-03:00\">agosto 13, 2020<\/time><\/div>\n\n<figure class=\"alignwide wp-block-post-featured-image\"><a href=\"https:\/\/capellaweb.com.br\/pt-br\/o-que-e-wordpress\/\" target=\"_self\"  ><img decoding=\"async\" width=\"1500\" height=\"500\" src=\"https:\/\/capellaweb.com.br\/wp-content\/uploads\/2024\/09\/capellaweb-what-is-wordpress.webp\" class=\"attachment-post-thumbnail size-post-thumbnail wp-post-image\" alt=\"O que \u00e9 WordPress?\" style=\"object-fit:cover;\" srcset=\"https:\/\/capellaweb.com.br\/wp-content\/uploads\/2024\/09\/capellaweb-what-is-wordpress.webp 1500w, https:\/\/capellaweb.com.br\/wp-content\/uploads\/2024\/09\/capellaweb-what-is-wordpress-300x100.webp 300w, https:\/\/capellaweb.com.br\/wp-content\/uploads\/2024\/09\/capellaweb-what-is-wordpress-1024x341.webp 1024w, https:\/\/capellaweb.com.br\/wp-content\/uploads\/2024\/09\/capellaweb-what-is-wordpress-768x256.webp 768w\" sizes=\"(max-width: 1500px) 100vw, 1500px\" \/><\/a><\/figure>\n\n<div class=\"wp-block-post-excerpt\"><p class=\"wp-block-post-excerpt__excerpt\">WordPress \u00e9 o CMS (Content Management System \u2013 Sistema de Gerenciamento de Conte\u00fado) mais utilizado no mundo. Em 2020 j\u00e1 \u00e9 utilizado por 35% dos sites em toda a web, aproximadamente 60 milh\u00f5es de pessoas! Impressionante, n\u00e3o? Como pode um \u00fanico sistema ser utilizado por tantas pessoas e institui\u00e7\u00f5es ao redor do mundo? A principal&hellip; <\/p><\/div>\n<\/li><\/ul><\/div>\n","protected":false},"excerpt":{"rendered":"","protected":false},"author":1,"featured_media":0,"parent":0,"menu_order":0,"comment_status":"closed","ping_status":"closed","template":"","meta":{"_acf_changed":false,"inline_featured_image":false,"footnotes":""},"class_list":["post-294","page","type-page","status-publish","hentry"],"acf":[],"yoast_head":"<!-- This site is optimized with the Yoast SEO plugin v26.5 - https:\/\/yoast.com\/wordpress\/plugins\/seo\/ -->\n<title>Artigos - Capellaweb<\/title>\n<meta name=\"robots\" content=\"index, follow, max-snippet:-1, max-image-preview:large, max-video-preview:-1\" \/>\n<link rel=\"canonical\" href=\"https:\/\/capellaweb.com.br\/pt-br\/artigos\/\" \/>\n<meta property=\"og:locale\" content=\"pt_BR\" \/>\n<meta property=\"og:type\" content=\"article\" \/>\n<meta property=\"og:title\" content=\"Artigos - Capellaweb\" \/>\n<meta property=\"og:url\" content=\"https:\/\/capellaweb.com.br\/pt-br\/artigos\/\" \/>\n<meta property=\"og:site_name\" content=\"Capellaweb\" \/>\n<meta property=\"article:publisher\" content=\"https:\/\/www.facebook.com\/capellaweb\" \/>\n<meta property=\"article:modified_time\" content=\"2024-09-03T13:50:23+00:00\" \/>\n<meta name=\"twitter:card\" content=\"summary_large_image\" \/>\n<meta name=\"twitter:site\" content=\"@capellaweb\" \/>\n<script type=\"application\/ld+json\" class=\"yoast-schema-graph\">{\"@context\":\"https:\/\/schema.org\",\"@graph\":[{\"@type\":\"WebPage\",\"@id\":\"https:\/\/capellaweb.com.br\/pt-br\/artigos\/\",\"url\":\"https:\/\/capellaweb.com.br\/pt-br\/artigos\/\",\"name\":\"Artigos - Capellaweb\",\"isPartOf\":{\"@id\":\"https:\/\/capellaweb.com.br\/pt-br\/#website\"},\"datePublished\":\"2024-09-02T03:13:46+00:00\",\"dateModified\":\"2024-09-03T13:50:23+00:00\",\"breadcrumb\":{\"@id\":\"https:\/\/capellaweb.com.br\/pt-br\/artigos\/#breadcrumb\"},\"inLanguage\":\"pt-BR\",\"potentialAction\":[{\"@type\":\"ReadAction\",\"target\":[\"https:\/\/capellaweb.com.br\/pt-br\/artigos\/\"]}]},{\"@type\":\"BreadcrumbList\",\"@id\":\"https:\/\/capellaweb.com.br\/pt-br\/artigos\/#breadcrumb\",\"itemListElement\":[{\"@type\":\"ListItem\",\"position\":1,\"name\":\"Home\",\"item\":\"https:\/\/capellaweb.com.br\/pt-br\/home\/\"},{\"@type\":\"ListItem\",\"position\":2,\"name\":\"Artigos\"}]},{\"@type\":\"WebSite\",\"@id\":\"https:\/\/capellaweb.com.br\/pt-br\/#website\",\"url\":\"https:\/\/capellaweb.com.br\/pt-br\/\",\"name\":\"Capellaweb\",\"description\":\"\",\"publisher\":{\"@id\":\"https:\/\/capellaweb.com.br\/pt-br\/#organization\"},\"potentialAction\":[{\"@type\":\"SearchAction\",\"target\":{\"@type\":\"EntryPoint\",\"urlTemplate\":\"https:\/\/capellaweb.com.br\/pt-br\/?s={search_term_string}\"},\"query-input\":{\"@type\":\"PropertyValueSpecification\",\"valueRequired\":true,\"valueName\":\"search_term_string\"}}],\"inLanguage\":\"pt-BR\"},{\"@type\":\"Organization\",\"@id\":\"https:\/\/capellaweb.com.br\/pt-br\/#organization\",\"name\":\"Capellaweb\",\"url\":\"https:\/\/capellaweb.com.br\/pt-br\/\",\"logo\":{\"@type\":\"ImageObject\",\"inLanguage\":\"pt-BR\",\"@id\":\"https:\/\/capellaweb.com.br\/pt-br\/#\/schema\/logo\/image\/\",\"url\":\"https:\/\/capellaweb.com.br\/wp-content\/uploads\/2024\/07\/Capellaweb-logo-horizontal.svg\",\"contentUrl\":\"https:\/\/capellaweb.com.br\/wp-content\/uploads\/2024\/07\/Capellaweb-logo-horizontal.svg\",\"width\":\"1024\",\"height\":\"1024\",\"caption\":\"Capellaweb\"},\"image\":{\"@id\":\"https:\/\/capellaweb.com.br\/pt-br\/#\/schema\/logo\/image\/\"},\"sameAs\":[\"https:\/\/www.facebook.com\/capellaweb\",\"https:\/\/x.com\/capellaweb\",\"https:\/\/www.instagram.com\/capellaweb\",\"https:\/\/www.youtube.com\/capellaweb\"]}]}<\/script>\n<!-- \/ Yoast SEO plugin. -->","yoast_head_json":{"title":"Artigos - Capellaweb","robots":{"index":"index","follow":"follow","max-snippet":"max-snippet:-1","max-image-preview":"max-image-preview:large","max-video-preview":"max-video-preview:-1"},"canonical":"https:\/\/capellaweb.com.br\/pt-br\/artigos\/","og_locale":"pt_BR","og_type":"article","og_title":"Artigos - Capellaweb","og_url":"https:\/\/capellaweb.com.br\/pt-br\/artigos\/","og_site_name":"Capellaweb","article_publisher":"https:\/\/www.facebook.com\/capellaweb","article_modified_time":"2024-09-03T13:50:23+00:00","twitter_card":"summary_large_image","twitter_site":"@capellaweb","schema":{"@context":"https:\/\/schema.org","@graph":[{"@type":"WebPage","@id":"https:\/\/capellaweb.com.br\/pt-br\/artigos\/","url":"https:\/\/capellaweb.com.br\/pt-br\/artigos\/","name":"Artigos - Capellaweb","isPartOf":{"@id":"https:\/\/capellaweb.com.br\/pt-br\/#website"},"datePublished":"2024-09-02T03:13:46+00:00","dateModified":"2024-09-03T13:50:23+00:00","breadcrumb":{"@id":"https:\/\/capellaweb.com.br\/pt-br\/artigos\/#breadcrumb"},"inLanguage":"pt-BR","potentialAction":[{"@type":"ReadAction","target":["https:\/\/capellaweb.com.br\/pt-br\/artigos\/"]}]},{"@type":"BreadcrumbList","@id":"https:\/\/capellaweb.com.br\/pt-br\/artigos\/#breadcrumb","itemListElement":[{"@type":"ListItem","position":1,"name":"Home","item":"https:\/\/capellaweb.com.br\/pt-br\/home\/"},{"@type":"ListItem","position":2,"name":"Artigos"}]},{"@type":"WebSite","@id":"https:\/\/capellaweb.com.br\/pt-br\/#website","url":"https:\/\/capellaweb.com.br\/pt-br\/","name":"Capellaweb","description":"","publisher":{"@id":"https:\/\/capellaweb.com.br\/pt-br\/#organization"},"potentialAction":[{"@type":"SearchAction","target":{"@type":"EntryPoint","urlTemplate":"https:\/\/capellaweb.com.br\/pt-br\/?s={search_term_string}"},"query-input":{"@type":"PropertyValueSpecification","valueRequired":true,"valueName":"search_term_string"}}],"inLanguage":"pt-BR"},{"@type":"Organization","@id":"https:\/\/capellaweb.com.br\/pt-br\/#organization","name":"Capellaweb","url":"https:\/\/capellaweb.com.br\/pt-br\/","logo":{"@type":"ImageObject","inLanguage":"pt-BR","@id":"https:\/\/capellaweb.com.br\/pt-br\/#\/schema\/logo\/image\/","url":"https:\/\/capellaweb.com.br\/wp-content\/uploads\/2024\/07\/Capellaweb-logo-horizontal.svg","contentUrl":"https:\/\/capellaweb.com.br\/wp-content\/uploads\/2024\/07\/Capellaweb-logo-horizontal.svg","width":"1024","height":"1024","caption":"Capellaweb"},"image":{"@id":"https:\/\/capellaweb.com.br\/pt-br\/#\/schema\/logo\/image\/"},"sameAs":["https:\/\/www.facebook.com\/capellaweb","https:\/\/x.com\/capellaweb","https:\/\/www.instagram.com\/capellaweb","https:\/\/www.youtube.com\/capellaweb"]}]}},"_links":{"self":[{"href":"https:\/\/capellaweb.com.br\/pt-br\/wp-json\/wp\/v2\/pages\/294","targetHints":{"allow":["GET"]}}],"collection":[{"href":"https:\/\/capellaweb.com.br\/pt-br\/wp-json\/wp\/v2\/pages"}],"about":[{"href":"https:\/\/capellaweb.com.br\/pt-br\/wp-json\/wp\/v2\/types\/page"}],"author":[{"embeddable":true,"href":"https:\/\/capellaweb.com.br\/pt-br\/wp-json\/wp\/v2\/users\/1"}],"replies":[{"embeddable":true,"href":"https:\/\/capellaweb.com.br\/pt-br\/wp-json\/wp\/v2\/comments?post=294"}],"version-history":[{"count":1,"href":"https:\/\/capellaweb.com.br\/pt-br\/wp-json\/wp\/v2\/pages\/294\/revisions"}],"predecessor-version":[{"id":295,"href":"https:\/\/capellaweb.com.br\/pt-br\/wp-json\/wp\/v2\/pages\/294\/revisions\/295"}],"wp:attachment":[{"href":"https:\/\/capellaweb.com.br\/pt-br\/wp-json\/wp\/v2\/media?parent=294"}],"curies":[{"name":"wp","href":"https:\/\/api.w.org\/{rel}","templated":true}]}}